{"id":103159,"date":"2025-03-21T10:44:01","date_gmt":"2025-03-21T09:44:01","guid":{"rendered":"https:\/\/sacotin.com\/?post_type=product&#038;p=103159"},"modified":"2025-06-05T09:01:14","modified_gmt":"2025-06-05T07:01:14","slug":"tetra-bag-pattern","status":"publish","type":"product","link":"https:\/\/sacotin.com\/en\/boutique\/tetra-bag-pattern\/","title":{"rendered":"T\u00e9tra"},"content":{"rendered":"<h2 style=\"text-align: center;\">\u00a0T\u00e9tra bag pattern &#8211; Supplies<\/h2>\n<p style=\"text-align: center;\"><a href=\"https:\/\/sacotin.com\/wp-content\/uploads\/2025\/03\/Sacotin-Tetra-bag-pattern-supplies.png\"><img loading=\"lazy\" decoding=\"async\" class=\"aligncenter wp-image-104142 size-full\" src=\"https:\/\/sacotin.com\/wp-content\/uploads\/2025\/03\/Sacotin-Tetra-bag-pattern-supplies.png\" alt=\"\" width=\"758\" height=\"913\" srcset=\"https:\/\/sacotin.com\/wp-content\/uploads\/2025\/03\/Sacotin-Tetra-bag-pattern-supplies.png 758w, https:\/\/sacotin.com\/wp-content\/uploads\/2025\/03\/Sacotin-Tetra-bag-pattern-supplies-249x300.png 249w, https:\/\/sacotin.com\/wp-content\/uploads\/2025\/03\/Sacotin-Tetra-bag-pattern-supplies-501x603.png 501w\" sizes=\"auto, (max-width: 758px) 100vw, 758px\" \/><\/a><br \/>\n<strong>These are bags made by you, using the T\u00e9tra bag pattern.<\/strong><\/p>\n<p style=\"text-align: center;\">See more <a href=\"https:\/\/www.pinterest.fr\/sacotin\/sac-t\u00e9tra-bag\/\" target=\"_blank\" rel=\"noopener\">here on Pinterest.<\/a><\/p>\n<script async defer src=\"https:\/\/assets.pinterest.com\/js\/pinit.js\"><\/script><div class=\"prw-fallback\"><a data-pin-do=\"embedBoard\" href=\"https:\/\/www.pinterest.com\/sacotin\/sac-t%C3%A9tra-bag\/\"><\/a><\/div>\n","protected":false},"excerpt":{"rendered":"<p><strong>Meet T\u00e9tra, the clever 4-in-1 bag!\u00a0<\/strong><span style=\"font-weight: 400;\"><br \/>\n<\/span><span style=\"font-weight: 400;\"><strong>The perfect everyday or travel companion<\/strong>: compact enough to slip into your suitcase, and <strong data-start=\"390\" data-end=\"405\">4 bags in 1<\/strong> to match all your outfits.<\/span><\/p>\n<p><span style=\"font-weight: 400;\"><strong>4 styles in 1:<\/strong> <\/span><span style=\"font-weight: 400;\">Thanks to its smart and exclusive design, T\u00e9tra gives you 4 looks in a single bag: 1 body + 1 flap = 4 possibilities <\/span><span style=\"font-weight: 400;\"><br \/>\n<\/span><span style=\"font-weight: 400;\">Switch up your style by simply flipping one of the flap&#8217;s two sides over either side of the body.<\/span><\/p>\n<p><strong>10 variations included: <\/strong><span style=\"font-weight: 400;\">The pattern includes 2 body shapes and 5 different flap styles, resulting in 10 different combinations. <strong>Each one becomes a 4-in-1 bag!<\/strong><\/span><\/p>\n<p><strong>Secure &amp; discreet closure: <\/strong><span style=\"font-weight: 400;\">T\u00e9tra closes with a zipper, and the base of the flap is held in place with snaps or hook-and-loop tape, your choice.<\/span><\/p>\n<p><span style=\"font-weight: 400;\"><strong>A functional bag:<\/strong> Worn as a crossbody bag, T\u00e9tra features 4 practical pockets<\/span><span style=\"font-weight: 400;\">: 1 zipped + 1 divided patch pocket inside, and 1 patch pocket on each exterior side.<\/span><\/p>\n<hr \/>\n<p><strong>Dimensions: <\/strong>26 cm (width) x 20 cm (height) x 8 cm (base depth) (W 10 1\/4&#8243; x H 8&#8243; x D 3 1\/8&#8243;).<\/p>\n<hr \/>\n<p><strong>Bonus :\u00a0<\/strong><\/p>\n<ul>\n<li><a href=\"https:\/\/sacotin.com\/en\/video-tetra-bag\">Videos<\/a>: In addition to the illustrated and very detailed PDF instructions, 2 videos show the assembly of the bag. <a href=\"https:\/\/sacotin.com\/en\/video-tetra-bag\">Videos page <\/a>(Password is in the PDF and must be entered in UPPERCASE).<\/li>\n<li>The pattern is supplied with an <strong>additional projector friendly PDF file<\/strong>.<\/li>\n<li>Read more details about the T\u00e9tra bag pattern <a href=\"https:\/\/sacotin.com\/en\/tetra-clever-4-in-1-bag-pattern\">on the Blog<\/a>.<\/li>\n<\/ul>\n<hr \/>\n<p style=\"text-align: justify;\"><em><img loading=\"lazy\" decoding=\"async\" class=\"alignleft wp-image-2675\" src=\"https:\/\/sacotin.com\/wp-content\/uploads\/2013\/04\/niveau-interm\u00e9diaire.jpg\" alt=\"\" width=\"86\" height=\"30\" \/>Confident beginner to intermediate.<\/em><\/p>\n<p>&nbsp;<\/p>\n<p>Bag pattern\u00a0<strong>available as downloadable pdf only,<a href=\"https:\/\/sacotin.com\/en\/help\/\"> more info on the Help page<\/a>.<\/strong><\/p>\n<p style=\"text-align: left;\"><a href=\"https:\/\/sacotin.com\/boutique\/patron-sac-tetra\/\">Obtenir ce patron en fran\u00e7ais<\/a><img loading=\"lazy\" decoding=\"async\" class=\"alignleft wp-image-2718 size-full\" title=\"Lire en fran\u00e7ais\" src=\"https:\/\/sacotin.com\/wp-content\/uploads\/2013\/04\/France.png\" alt=\"Lire en fran\u00e7ais\" width=\"30\" height=\"30\" \/><\/p>\n","protected":false},"featured_media":104188,"template":"","meta":[],"product_brand":[],"product_cat":[308,124,58,297],"product_tag":[81],"class_list":{"0":"post-103159","1":"product","2":"type-product","3":"status-publish","4":"has-post-thumbnail","6":"product_cat-for-vacation","7":"product_cat-patterns-bags","8":"product_cat-sling-bags","9":"product_cat-with-sewing-pattern-projector-file","10":"product_tag-intermediate","12":"first","13":"instock","14":"downloadable","15":"virtual","16":"sold-individually","17":"purchasable","18":"product-type-simple"},"yoast_head":"<!-- This site is optimized with the Yoast SEO plugin v27.3 - https:\/\/yoast.com\/product\/yoast-seo-wordpress\/ -->\n<title>T\u00e9tra bag pattern - Sac\u00f4tin<\/title>\n<meta name=\"description\" content=\"T\u00e9tra is a clever 4-in-1 bag pattern. 10 variations included. Illustrated and very detailed PDF instructions and 2 videos show the assembly of the bag\" \/>\n<meta name=\"robots\" content=\"index, follow, max-snippet:-1, max-image-preview:large, max-video-preview:-1\" \/>\n<link rel=\"canonical\" href=\"https:\/\/sacotin.com\/en\/boutique\/tetra-bag-pattern\/\" \/>\n<meta property=\"og:locale\" content=\"en_US\" \/>\n<meta property=\"og:type\" content=\"article\" \/>\n<meta property=\"og:title\" content=\"T\u00e9tra bag pattern - Sac\u00f4tin\" \/>\n<meta property=\"og:description\" content=\"T\u00e9tra is a clever 4-in-1 bag pattern. 10 variations included. Illustrated and very detailed PDF instructions and 2 videos show the assembly of the bag\" \/>\n<meta property=\"og:url\" content=\"https:\/\/sacotin.com\/en\/boutique\/tetra-bag-pattern\/\" \/>\n<meta property=\"og:site_name\" content=\"Sac\u00f4tin\" \/>\n<meta property=\"article:modified_time\" content=\"2025-06-05T07:01:14+00:00\" \/>\n<meta property=\"og:image\" content=\"https:\/\/sacotin.com\/wp-content\/uploads\/2025\/03\/Visuels-Tetra-3-Tetra-produit-1024x1024.png\" \/>\n\t<meta property=\"og:image:width\" content=\"1024\" \/>\n\t<meta property=\"og:image:height\" content=\"1024\" \/>\n\t<meta property=\"og:image:type\" content=\"image\/png\" \/>\n<script type=\"application\/ld+json\" class=\"yoast-schema-graph\">{\"@context\":\"https:\\\/\\\/schema.org\",\"@graph\":[{\"@type\":\"WebPage\",\"@id\":\"https:\\\/\\\/sacotin.com\\\/en\\\/boutique\\\/tetra-bag-pattern\\\/\",\"url\":\"https:\\\/\\\/sacotin.com\\\/en\\\/boutique\\\/tetra-bag-pattern\\\/\",\"name\":\"T\u00e9tra bag pattern - Sac\u00f4tin\",\"isPartOf\":{\"@id\":\"https:\\\/\\\/sacotin.com\\\/#website\"},\"primaryImageOfPage\":{\"@id\":\"https:\\\/\\\/sacotin.com\\\/en\\\/boutique\\\/tetra-bag-pattern\\\/#primaryimage\"},\"image\":{\"@id\":\"https:\\\/\\\/sacotin.com\\\/en\\\/boutique\\\/tetra-bag-pattern\\\/#primaryimage\"},\"thumbnailUrl\":\"https:\\\/\\\/sacotin.com\\\/wp-content\\\/uploads\\\/2025\\\/03\\\/Visuels-Tetra-3-Tetra-produit.png\",\"datePublished\":\"2025-03-21T09:44:01+00:00\",\"dateModified\":\"2025-06-05T07:01:14+00:00\",\"description\":\"T\u00e9tra is a clever 4-in-1 bag pattern. 10 variations included. Illustrated and very detailed PDF instructions and 2 videos show the assembly of the bag\",\"breadcrumb\":{\"@id\":\"https:\\\/\\\/sacotin.com\\\/en\\\/boutique\\\/tetra-bag-pattern\\\/#breadcrumb\"},\"inLanguage\":\"gb-GB\",\"potentialAction\":[{\"@type\":\"ReadAction\",\"target\":[\"https:\\\/\\\/sacotin.com\\\/en\\\/boutique\\\/tetra-bag-pattern\\\/\"]}]},{\"@type\":\"ImageObject\",\"inLanguage\":\"gb-GB\",\"@id\":\"https:\\\/\\\/sacotin.com\\\/en\\\/boutique\\\/tetra-bag-pattern\\\/#primaryimage\",\"url\":\"https:\\\/\\\/sacotin.com\\\/wp-content\\\/uploads\\\/2025\\\/03\\\/Visuels-Tetra-3-Tetra-produit.png\",\"contentUrl\":\"https:\\\/\\\/sacotin.com\\\/wp-content\\\/uploads\\\/2025\\\/03\\\/Visuels-Tetra-3-Tetra-produit.png\",\"width\":1500,\"height\":1500},{\"@type\":\"BreadcrumbList\",\"@id\":\"https:\\\/\\\/sacotin.com\\\/en\\\/boutique\\\/tetra-bag-pattern\\\/#breadcrumb\",\"itemListElement\":[{\"@type\":\"ListItem\",\"position\":1,\"name\":\"Accueil\",\"item\":\"https:\\\/\\\/sacotin.com\\\/en\\\/\"},{\"@type\":\"ListItem\",\"position\":2,\"name\":\"Shop\",\"item\":\"https:\\\/\\\/sacotin.com\\\/en\\\/shop\\\/\"},{\"@type\":\"ListItem\",\"position\":3,\"name\":\"T\u00e9tra\"}]},{\"@type\":\"WebSite\",\"@id\":\"https:\\\/\\\/sacotin.com\\\/#website\",\"url\":\"https:\\\/\\\/sacotin.com\\\/\",\"name\":\"Sac\u00f4tin\",\"description\":\"Patrons de sacs\",\"publisher\":{\"@id\":\"https:\\\/\\\/sacotin.com\\\/#organization\"},\"potentialAction\":[{\"@type\":\"SearchAction\",\"target\":{\"@type\":\"EntryPoint\",\"urlTemplate\":\"https:\\\/\\\/sacotin.com\\\/?s={search_term_string}\"},\"query-input\":{\"@type\":\"PropertyValueSpecification\",\"valueRequired\":true,\"valueName\":\"search_term_string\"}}],\"inLanguage\":\"gb-GB\"},{\"@type\":\"Organization\",\"@id\":\"https:\\\/\\\/sacotin.com\\\/#organization\",\"name\":\"Sac\u00f4tin\",\"url\":\"https:\\\/\\\/sacotin.com\\\/\",\"logo\":{\"@type\":\"ImageObject\",\"inLanguage\":\"gb-GB\",\"@id\":\"https:\\\/\\\/sacotin.com\\\/#\\\/schema\\\/logo\\\/image\\\/\",\"url\":\"https:\\\/\\\/sacotin.com\\\/wp-content\\\/uploads\\\/2017\\\/11\\\/cropped-LogoSacotin-1.png\",\"contentUrl\":\"https:\\\/\\\/sacotin.com\\\/wp-content\\\/uploads\\\/2017\\\/11\\\/cropped-LogoSacotin-1.png\",\"width\":250,\"height\":230,\"caption\":\"Sac\u00f4tin\"},\"image\":{\"@id\":\"https:\\\/\\\/sacotin.com\\\/#\\\/schema\\\/logo\\\/image\\\/\"}}]}<\/script>\n<!-- \/ Yoast SEO plugin. -->","yoast_head_json":{"title":"T\u00e9tra bag pattern - Sac\u00f4tin","description":"T\u00e9tra is a clever 4-in-1 bag pattern. 10 variations included. Illustrated and very detailed PDF instructions and 2 videos show the assembly of the bag","robots":{"index":"index","follow":"follow","max-snippet":"max-snippet:-1","max-image-preview":"max-image-preview:large","max-video-preview":"max-video-preview:-1"},"canonical":"https:\/\/sacotin.com\/en\/boutique\/tetra-bag-pattern\/","og_locale":"en_US","og_type":"article","og_title":"T\u00e9tra bag pattern - Sac\u00f4tin","og_description":"T\u00e9tra is a clever 4-in-1 bag pattern. 10 variations included. Illustrated and very detailed PDF instructions and 2 videos show the assembly of the bag","og_url":"https:\/\/sacotin.com\/en\/boutique\/tetra-bag-pattern\/","og_site_name":"Sac\u00f4tin","article_modified_time":"2025-06-05T07:01:14+00:00","og_image":[{"width":1024,"height":1024,"url":"https:\/\/sacotin.com\/wp-content\/uploads\/2025\/03\/Visuels-Tetra-3-Tetra-produit-1024x1024.png","type":"image\/png"}],"schema":{"@context":"https:\/\/schema.org","@graph":[{"@type":"WebPage","@id":"https:\/\/sacotin.com\/en\/boutique\/tetra-bag-pattern\/","url":"https:\/\/sacotin.com\/en\/boutique\/tetra-bag-pattern\/","name":"T\u00e9tra bag pattern - Sac\u00f4tin","isPartOf":{"@id":"https:\/\/sacotin.com\/#website"},"primaryImageOfPage":{"@id":"https:\/\/sacotin.com\/en\/boutique\/tetra-bag-pattern\/#primaryimage"},"image":{"@id":"https:\/\/sacotin.com\/en\/boutique\/tetra-bag-pattern\/#primaryimage"},"thumbnailUrl":"https:\/\/sacotin.com\/wp-content\/uploads\/2025\/03\/Visuels-Tetra-3-Tetra-produit.png","datePublished":"2025-03-21T09:44:01+00:00","dateModified":"2025-06-05T07:01:14+00:00","description":"T\u00e9tra is a clever 4-in-1 bag pattern. 10 variations included. Illustrated and very detailed PDF instructions and 2 videos show the assembly of the bag","breadcrumb":{"@id":"https:\/\/sacotin.com\/en\/boutique\/tetra-bag-pattern\/#breadcrumb"},"inLanguage":"gb-GB","potentialAction":[{"@type":"ReadAction","target":["https:\/\/sacotin.com\/en\/boutique\/tetra-bag-pattern\/"]}]},{"@type":"ImageObject","inLanguage":"gb-GB","@id":"https:\/\/sacotin.com\/en\/boutique\/tetra-bag-pattern\/#primaryimage","url":"https:\/\/sacotin.com\/wp-content\/uploads\/2025\/03\/Visuels-Tetra-3-Tetra-produit.png","contentUrl":"https:\/\/sacotin.com\/wp-content\/uploads\/2025\/03\/Visuels-Tetra-3-Tetra-produit.png","width":1500,"height":1500},{"@type":"BreadcrumbList","@id":"https:\/\/sacotin.com\/en\/boutique\/tetra-bag-pattern\/#breadcrumb","itemListElement":[{"@type":"ListItem","position":1,"name":"Accueil","item":"https:\/\/sacotin.com\/en\/"},{"@type":"ListItem","position":2,"name":"Shop","item":"https:\/\/sacotin.com\/en\/shop\/"},{"@type":"ListItem","position":3,"name":"T\u00e9tra"}]},{"@type":"WebSite","@id":"https:\/\/sacotin.com\/#website","url":"https:\/\/sacotin.com\/","name":"Sac\u00f4tin","description":"Patrons de sacs","publisher":{"@id":"https:\/\/sacotin.com\/#organization"},"potentialAction":[{"@type":"SearchAction","target":{"@type":"EntryPoint","urlTemplate":"https:\/\/sacotin.com\/?s={search_term_string}"},"query-input":{"@type":"PropertyValueSpecification","valueRequired":true,"valueName":"search_term_string"}}],"inLanguage":"gb-GB"},{"@type":"Organization","@id":"https:\/\/sacotin.com\/#organization","name":"Sac\u00f4tin","url":"https:\/\/sacotin.com\/","logo":{"@type":"ImageObject","inLanguage":"gb-GB","@id":"https:\/\/sacotin.com\/#\/schema\/logo\/image\/","url":"https:\/\/sacotin.com\/wp-content\/uploads\/2017\/11\/cropped-LogoSacotin-1.png","contentUrl":"https:\/\/sacotin.com\/wp-content\/uploads\/2017\/11\/cropped-LogoSacotin-1.png","width":250,"height":230,"caption":"Sac\u00f4tin"},"image":{"@id":"https:\/\/sacotin.com\/#\/schema\/logo\/image\/"}}]}},"_links":{"self":[{"href":"https:\/\/sacotin.com\/en\/wp-json\/wp\/v2\/product\/103159","targetHints":{"allow":["GET"]}}],"collection":[{"href":"https:\/\/sacotin.com\/en\/wp-json\/wp\/v2\/product"}],"about":[{"href":"https:\/\/sacotin.com\/en\/wp-json\/wp\/v2\/types\/product"}],"wp:featuredmedia":[{"embeddable":true,"href":"https:\/\/sacotin.com\/en\/wp-json\/wp\/v2\/media\/104188"}],"wp:attachment":[{"href":"https:\/\/sacotin.com\/en\/wp-json\/wp\/v2\/media?parent=103159"}],"wp:term":[{"taxonomy":"product_brand","embeddable":true,"href":"https:\/\/sacotin.com\/en\/wp-json\/wp\/v2\/product_brand?post=103159"},{"taxonomy":"product_cat","embeddable":true,"href":"https:\/\/sacotin.com\/en\/wp-json\/wp\/v2\/product_cat?post=103159"},{"taxonomy":"product_tag","embeddable":true,"href":"https:\/\/sacotin.com\/en\/wp-json\/wp\/v2\/product_tag?post=103159"}],"curies":[{"name":"wp","href":"https:\/\/api.w.org\/{rel}","templated":true}]}}