{"id":11735,"date":"2015-11-25T08:58:59","date_gmt":"2015-11-25T07:56:46","guid":{"rendered":"http:\/\/sacotin.com\/en\/?post_type=product&#038;p=11735"},"modified":"2024-06-22T12:29:43","modified_gmt":"2024-06-22T10:29:43","slug":"cachotin-free-clutch-bag-pattern","status":"publish","type":"product","link":"https:\/\/sacotin.com\/en\/boutique\/cachotin-free-clutch-bag-pattern\/","title":{"rendered":"Cach\u00f4tin"},"content":{"rendered":"<p style=\"text-align: center;\">Free clutch bag pattern &#8211; Cach\u00f4tin Supplies<\/p>\n<p><a href=\"https:\/\/sacotin.com\/wp-content\/uploads\/2015\/11\/cachotin-sacotin-supplies.png\"><img loading=\"lazy\" decoding=\"async\" class=\"aligncenter wp-image-98905 size-full\" src=\"https:\/\/sacotin.com\/wp-content\/uploads\/2015\/11\/cachotin-sacotin-supplies.png\" alt=\"\" width=\"841\" height=\"585\" srcset=\"https:\/\/sacotin.com\/wp-content\/uploads\/2015\/11\/cachotin-sacotin-supplies.png 841w, https:\/\/sacotin.com\/wp-content\/uploads\/2015\/11\/cachotin-sacotin-supplies-300x209.png 300w, https:\/\/sacotin.com\/wp-content\/uploads\/2015\/11\/cachotin-sacotin-supplies-768x534.png 768w, https:\/\/sacotin.com\/wp-content\/uploads\/2015\/11\/cachotin-sacotin-supplies-501x348.png 501w\" sizes=\"auto, (max-width: 841px) 100vw, 841px\" \/><\/a><\/p>\n<p style=\"text-align: center;\"><strong>Clutches sewn by you, using the free clutch bag pattern Cach\u00f4tin.<\/strong><\/p>\n<p style=\"text-align: center;\">See more <a href=\"https:\/\/fr.pinterest.com\/sacotin\/sacs-cach%C3%B4tin-bags\/\">here on Pinterest<\/a><\/p>\n<script async defer src=\"https:\/\/assets.pinterest.com\/js\/pinit.js\"><\/script><div class=\"prw-fallback\"><a data-pin-do=\"embedBoard\" href=\"https:\/\/www.pinterest.com\/sacotin\/sacs-cach%C3%B4tin-bags\/\"><\/a><\/div>\n","protected":false},"excerpt":{"rendered":"<p>Cach\u00f4t\u00edn is a <strong>sophisticated clutch bag sewn quickly and easily<\/strong>.<br \/>\nIdeal to stylishly complement your outfits, it will also make a very lovely gift.<br \/>\nThe integrated flap gives you the opportunity to mix, colours, textures, materials and prints:<br \/>\nunleash your creativity!<br \/>\n<strong>Carry your Cach\u00f4t\u00edn clutch by sliding your hand under the center strap.<\/strong><br \/>\nOptional: with its removable shoulder and wrist straps, you can also choose to wear Cach\u00f4tin over<br \/>\nyour shoulder or secured on your wrist.<\/p>\n<p><em><strong>Dimensions :<\/strong> width 25 cm (10&#8243;), height 15 cm (6&#8243;), depth 3 cm (1 1\/2&#8243;).<\/em><\/p>\n<p><a href=\"https:\/\/sacotin.com\/wp-content\/uploads\/2013\/04\/niveau-d\u00e9butant.jpg\"><img loading=\"lazy\" decoding=\"async\" class=\"alignleft wp-image-2677\" src=\"https:\/\/sacotin.com\/wp-content\/uploads\/2013\/04\/niveau-d\u00e9butant.jpg\" alt=\"niveau d\u00e9butant\" width=\"75\" height=\"26\" \/><\/a>Beginner<\/p>\n<p style=\"color: #3e3e3e;\"><a style=\"font-weight: bold; color: #707070 !important;\" href=\"https:\/\/sacotin.com\/boutique\/patron-de-pochette-gratuit-cachotin\"><img loading=\"lazy\" decoding=\"async\" class=\"aligncenter wp-image-1276 size-full\" title=\"Lire en fran\u00e7ais\" src=\"https:\/\/sacotin.com\/wp-content\/uploads\/2013\/04\/France.png\" alt=\"Lire en fran\u00e7ais\" width=\"30\" height=\"30\" \/><\/a><\/p>\n<p><strong>Click the \u201cDownload now\u201d button to get the printable pattern + instructions.<\/strong><\/p>\n<p><a href=\"https:\/\/drive.google.com\/file\/d\/1X307s-4qw85NAVXn9RE-ejcbNqf4IYcd\/view?usp=sharing\" target=\"_blank\" rel=\"noopener\">Pattern file to use with a projector.<\/a><\/p>\n<p style=\"color: #3e3e3e;\">Bag pattern\u00a0<strong>available as downloadable pdf only.<\/strong><a style=\"font-weight: bold; color: #707070 !important;\" title=\"FAQ\" href=\"https:\/\/sacotin.com\/en\/faq\/\">Help<\/a><\/p>\n","protected":false},"featured_media":98345,"template":"","meta":[],"product_brand":[],"product_cat":[63,119,124,297],"product_tag":[80],"class_list":{"0":"post-11735","1":"product","2":"type-product","3":"status-publish","4":"has-post-thumbnail","6":"product_cat-clutch-bags","7":"product_cat-freepatterns","8":"product_cat-patterns-bags","9":"product_cat-with-sewing-pattern-projector-file","10":"product_tag-beginner","12":"first","13":"instock","14":"product-type-external"},"yoast_head":"<!-- This site is optimized with the Yoast SEO plugin v27.3 - https:\/\/yoast.com\/product\/yoast-seo-wordpress\/ -->\n<title>Free clutch bag pattern - Cach\u00f4tin<\/title>\n<meta name=\"description\" content=\"Free clutch bag pattern. Cach\u00f4t\u00edn is a sophisticated clutch bag sewn quickly and easily. It will stylishly complement your outfits or make a lovely gift.\" \/>\n<meta name=\"robots\" content=\"index, follow, max-snippet:-1, max-image-preview:large, max-video-preview:-1\" \/>\n<link rel=\"canonical\" href=\"https:\/\/sacotin.com\/en\/boutique\/cachotin-free-clutch-bag-pattern\/\" \/>\n<meta property=\"og:locale\" content=\"en_US\" \/>\n<meta property=\"og:type\" content=\"article\" \/>\n<meta property=\"og:title\" content=\"Free clutch bag pattern - Cach\u00f4tin\" \/>\n<meta property=\"og:description\" content=\"Free clutch bag pattern. Cach\u00f4t\u00edn is a sophisticated clutch bag sewn quickly and easily. It will stylishly complement your outfits or make a lovely gift.\" \/>\n<meta property=\"og:url\" content=\"https:\/\/sacotin.com\/en\/boutique\/cachotin-free-clutch-bag-pattern\/\" \/>\n<meta property=\"og:site_name\" content=\"Sac\u00f4tin\" \/>\n<meta property=\"article:modified_time\" content=\"2024-06-22T10:29:43+00:00\" \/>\n<meta property=\"og:image\" content=\"https:\/\/sacotin.com\/wp-content\/uploads\/2015\/11\/Patron-gratuit-pochette-cachotin-sacotin-3.jpg\" \/>\n\t<meta property=\"og:image:width\" content=\"1000\" \/>\n\t<meta property=\"og:image:height\" content=\"1000\" \/>\n\t<meta property=\"og:image:type\" content=\"image\/jpeg\" \/>\n<script type=\"application\/ld+json\" class=\"yoast-schema-graph\">{\"@context\":\"https:\\\/\\\/schema.org\",\"@graph\":[{\"@type\":\"WebPage\",\"@id\":\"https:\\\/\\\/sacotin.com\\\/en\\\/boutique\\\/cachotin-free-clutch-bag-pattern\\\/\",\"url\":\"https:\\\/\\\/sacotin.com\\\/en\\\/boutique\\\/cachotin-free-clutch-bag-pattern\\\/\",\"name\":\"Free clutch bag pattern - Cach\u00f4tin\",\"isPartOf\":{\"@id\":\"https:\\\/\\\/sacotin.com\\\/#website\"},\"primaryImageOfPage\":{\"@id\":\"https:\\\/\\\/sacotin.com\\\/en\\\/boutique\\\/cachotin-free-clutch-bag-pattern\\\/#primaryimage\"},\"image\":{\"@id\":\"https:\\\/\\\/sacotin.com\\\/en\\\/boutique\\\/cachotin-free-clutch-bag-pattern\\\/#primaryimage\"},\"thumbnailUrl\":\"https:\\\/\\\/sacotin.com\\\/wp-content\\\/uploads\\\/2015\\\/11\\\/Patron-gratuit-pochette-cachotin-sacotin-3.jpg\",\"datePublished\":\"2015-11-25T07:56:46+00:00\",\"dateModified\":\"2024-06-22T10:29:43+00:00\",\"description\":\"Free clutch bag pattern. Cach\u00f4t\u00edn is a sophisticated clutch bag sewn quickly and easily. It will stylishly complement your outfits or make a lovely gift.\",\"breadcrumb\":{\"@id\":\"https:\\\/\\\/sacotin.com\\\/en\\\/boutique\\\/cachotin-free-clutch-bag-pattern\\\/#breadcrumb\"},\"inLanguage\":\"gb-GB\",\"potentialAction\":[{\"@type\":\"ReadAction\",\"target\":[\"https:\\\/\\\/sacotin.com\\\/en\\\/boutique\\\/cachotin-free-clutch-bag-pattern\\\/\"]}]},{\"@type\":\"ImageObject\",\"inLanguage\":\"gb-GB\",\"@id\":\"https:\\\/\\\/sacotin.com\\\/en\\\/boutique\\\/cachotin-free-clutch-bag-pattern\\\/#primaryimage\",\"url\":\"https:\\\/\\\/sacotin.com\\\/wp-content\\\/uploads\\\/2015\\\/11\\\/Patron-gratuit-pochette-cachotin-sacotin-3.jpg\",\"contentUrl\":\"https:\\\/\\\/sacotin.com\\\/wp-content\\\/uploads\\\/2015\\\/11\\\/Patron-gratuit-pochette-cachotin-sacotin-3.jpg\",\"width\":1000,\"height\":1000},{\"@type\":\"BreadcrumbList\",\"@id\":\"https:\\\/\\\/sacotin.com\\\/en\\\/boutique\\\/cachotin-free-clutch-bag-pattern\\\/#breadcrumb\",\"itemListElement\":[{\"@type\":\"ListItem\",\"position\":1,\"name\":\"Accueil\",\"item\":\"https:\\\/\\\/sacotin.com\\\/en\\\/\"},{\"@type\":\"ListItem\",\"position\":2,\"name\":\"Shop\",\"item\":\"https:\\\/\\\/sacotin.com\\\/en\\\/shop\\\/\"},{\"@type\":\"ListItem\",\"position\":3,\"name\":\"Cach\u00f4tin\"}]},{\"@type\":\"WebSite\",\"@id\":\"https:\\\/\\\/sacotin.com\\\/#website\",\"url\":\"https:\\\/\\\/sacotin.com\\\/\",\"name\":\"Sac\u00f4tin\",\"description\":\"Patrons de sacs\",\"publisher\":{\"@id\":\"https:\\\/\\\/sacotin.com\\\/#organization\"},\"potentialAction\":[{\"@type\":\"SearchAction\",\"target\":{\"@type\":\"EntryPoint\",\"urlTemplate\":\"https:\\\/\\\/sacotin.com\\\/?s={search_term_string}\"},\"query-input\":{\"@type\":\"PropertyValueSpecification\",\"valueRequired\":true,\"valueName\":\"search_term_string\"}}],\"inLanguage\":\"gb-GB\"},{\"@type\":\"Organization\",\"@id\":\"https:\\\/\\\/sacotin.com\\\/#organization\",\"name\":\"Sac\u00f4tin\",\"url\":\"https:\\\/\\\/sacotin.com\\\/\",\"logo\":{\"@type\":\"ImageObject\",\"inLanguage\":\"gb-GB\",\"@id\":\"https:\\\/\\\/sacotin.com\\\/#\\\/schema\\\/logo\\\/image\\\/\",\"url\":\"https:\\\/\\\/sacotin.com\\\/wp-content\\\/uploads\\\/2017\\\/11\\\/cropped-LogoSacotin-1.png\",\"contentUrl\":\"https:\\\/\\\/sacotin.com\\\/wp-content\\\/uploads\\\/2017\\\/11\\\/cropped-LogoSacotin-1.png\",\"width\":250,\"height\":230,\"caption\":\"Sac\u00f4tin\"},\"image\":{\"@id\":\"https:\\\/\\\/sacotin.com\\\/#\\\/schema\\\/logo\\\/image\\\/\"}}]}<\/script>\n<!-- \/ Yoast SEO plugin. -->","yoast_head_json":{"title":"Free clutch bag pattern - Cach\u00f4tin","description":"Free clutch bag pattern. Cach\u00f4t\u00edn is a sophisticated clutch bag sewn quickly and easily. It will stylishly complement your outfits or make a lovely gift.","robots":{"index":"index","follow":"follow","max-snippet":"max-snippet:-1","max-image-preview":"max-image-preview:large","max-video-preview":"max-video-preview:-1"},"canonical":"https:\/\/sacotin.com\/en\/boutique\/cachotin-free-clutch-bag-pattern\/","og_locale":"en_US","og_type":"article","og_title":"Free clutch bag pattern - Cach\u00f4tin","og_description":"Free clutch bag pattern. Cach\u00f4t\u00edn is a sophisticated clutch bag sewn quickly and easily. It will stylishly complement your outfits or make a lovely gift.","og_url":"https:\/\/sacotin.com\/en\/boutique\/cachotin-free-clutch-bag-pattern\/","og_site_name":"Sac\u00f4tin","article_modified_time":"2024-06-22T10:29:43+00:00","og_image":[{"width":1000,"height":1000,"url":"https:\/\/sacotin.com\/wp-content\/uploads\/2015\/11\/Patron-gratuit-pochette-cachotin-sacotin-3.jpg","type":"image\/jpeg"}],"schema":{"@context":"https:\/\/schema.org","@graph":[{"@type":"WebPage","@id":"https:\/\/sacotin.com\/en\/boutique\/cachotin-free-clutch-bag-pattern\/","url":"https:\/\/sacotin.com\/en\/boutique\/cachotin-free-clutch-bag-pattern\/","name":"Free clutch bag pattern - Cach\u00f4tin","isPartOf":{"@id":"https:\/\/sacotin.com\/#website"},"primaryImageOfPage":{"@id":"https:\/\/sacotin.com\/en\/boutique\/cachotin-free-clutch-bag-pattern\/#primaryimage"},"image":{"@id":"https:\/\/sacotin.com\/en\/boutique\/cachotin-free-clutch-bag-pattern\/#primaryimage"},"thumbnailUrl":"https:\/\/sacotin.com\/wp-content\/uploads\/2015\/11\/Patron-gratuit-pochette-cachotin-sacotin-3.jpg","datePublished":"2015-11-25T07:56:46+00:00","dateModified":"2024-06-22T10:29:43+00:00","description":"Free clutch bag pattern. Cach\u00f4t\u00edn is a sophisticated clutch bag sewn quickly and easily. It will stylishly complement your outfits or make a lovely gift.","breadcrumb":{"@id":"https:\/\/sacotin.com\/en\/boutique\/cachotin-free-clutch-bag-pattern\/#breadcrumb"},"inLanguage":"gb-GB","potentialAction":[{"@type":"ReadAction","target":["https:\/\/sacotin.com\/en\/boutique\/cachotin-free-clutch-bag-pattern\/"]}]},{"@type":"ImageObject","inLanguage":"gb-GB","@id":"https:\/\/sacotin.com\/en\/boutique\/cachotin-free-clutch-bag-pattern\/#primaryimage","url":"https:\/\/sacotin.com\/wp-content\/uploads\/2015\/11\/Patron-gratuit-pochette-cachotin-sacotin-3.jpg","contentUrl":"https:\/\/sacotin.com\/wp-content\/uploads\/2015\/11\/Patron-gratuit-pochette-cachotin-sacotin-3.jpg","width":1000,"height":1000},{"@type":"BreadcrumbList","@id":"https:\/\/sacotin.com\/en\/boutique\/cachotin-free-clutch-bag-pattern\/#breadcrumb","itemListElement":[{"@type":"ListItem","position":1,"name":"Accueil","item":"https:\/\/sacotin.com\/en\/"},{"@type":"ListItem","position":2,"name":"Shop","item":"https:\/\/sacotin.com\/en\/shop\/"},{"@type":"ListItem","position":3,"name":"Cach\u00f4tin"}]},{"@type":"WebSite","@id":"https:\/\/sacotin.com\/#website","url":"https:\/\/sacotin.com\/","name":"Sac\u00f4tin","description":"Patrons de sacs","publisher":{"@id":"https:\/\/sacotin.com\/#organization"},"potentialAction":[{"@type":"SearchAction","target":{"@type":"EntryPoint","urlTemplate":"https:\/\/sacotin.com\/?s={search_term_string}"},"query-input":{"@type":"PropertyValueSpecification","valueRequired":true,"valueName":"search_term_string"}}],"inLanguage":"gb-GB"},{"@type":"Organization","@id":"https:\/\/sacotin.com\/#organization","name":"Sac\u00f4tin","url":"https:\/\/sacotin.com\/","logo":{"@type":"ImageObject","inLanguage":"gb-GB","@id":"https:\/\/sacotin.com\/#\/schema\/logo\/image\/","url":"https:\/\/sacotin.com\/wp-content\/uploads\/2017\/11\/cropped-LogoSacotin-1.png","contentUrl":"https:\/\/sacotin.com\/wp-content\/uploads\/2017\/11\/cropped-LogoSacotin-1.png","width":250,"height":230,"caption":"Sac\u00f4tin"},"image":{"@id":"https:\/\/sacotin.com\/#\/schema\/logo\/image\/"}}]}},"_links":{"self":[{"href":"https:\/\/sacotin.com\/en\/wp-json\/wp\/v2\/product\/11735","targetHints":{"allow":["GET"]}}],"collection":[{"href":"https:\/\/sacotin.com\/en\/wp-json\/wp\/v2\/product"}],"about":[{"href":"https:\/\/sacotin.com\/en\/wp-json\/wp\/v2\/types\/product"}],"wp:featuredmedia":[{"embeddable":true,"href":"https:\/\/sacotin.com\/en\/wp-json\/wp\/v2\/media\/98345"}],"wp:attachment":[{"href":"https:\/\/sacotin.com\/en\/wp-json\/wp\/v2\/media?parent=11735"}],"wp:term":[{"taxonomy":"product_brand","embeddable":true,"href":"https:\/\/sacotin.com\/en\/wp-json\/wp\/v2\/product_brand?post=11735"},{"taxonomy":"product_cat","embeddable":true,"href":"https:\/\/sacotin.com\/en\/wp-json\/wp\/v2\/product_cat?post=11735"},{"taxonomy":"product_tag","embeddable":true,"href":"https:\/\/sacotin.com\/en\/wp-json\/wp\/v2\/product_tag?post=11735"}],"curies":[{"name":"wp","href":"https:\/\/api.w.org\/{rel}","templated":true}]}}