{"id":1189,"date":"2013-04-18T10:03:04","date_gmt":"2013-04-20T13:51:48","guid":{"rendered":"http:\/\/sacotin.com\/boutique\/cloe-bag-pattern\/"},"modified":"2025-04-13T08:04:38","modified_gmt":"2025-04-13T06:04:38","slug":"cloe-bag-pattern","status":"publish","type":"product","link":"https:\/\/sacotin.com\/en\/boutique\/cloe-bag-pattern\/","title":{"rendered":"Clo\u00e9"},"content":{"rendered":"<p style=\"text-align: center;\">\u00a0Clo\u00e9 bag pattern &#8211; Supplies<\/p>\n<p style=\"text-align: center;\"><img loading=\"lazy\" decoding=\"async\" class=\"aligncenter size-full wp-image-1192\" src=\"https:\/\/sacotin.com\/wp-content\/uploads\/2013\/04\/Clo\u00e9-supplies.jpg\" alt=\"Clo\u00e9 supplies\" width=\"1327\" height=\"609\" srcset=\"https:\/\/sacotin.com\/wp-content\/uploads\/2013\/04\/Clo\u00e9-supplies.jpg 1327w, https:\/\/sacotin.com\/wp-content\/uploads\/2013\/04\/Clo\u00e9-supplies-501x230.jpg 501w, https:\/\/sacotin.com\/wp-content\/uploads\/2013\/04\/Clo\u00e9-supplies-300x137.jpg 300w, https:\/\/sacotin.com\/wp-content\/uploads\/2013\/04\/Clo\u00e9-supplies-1024x469.jpg 1024w\" sizes=\"auto, (max-width: 1327px) 100vw, 1327px\" \/><\/p>\n<p style=\"text-align: center;\"><strong>These are bags made by you, using the Clo\u00e9 pattern.<\/strong><\/p>\n<p style=\"text-align: center;\">See more <a href=\"https:\/\/fr.pinterest.com\/sacotin\/vos-clo%C3%A9-your-clo%C3%A9\/\">here on Pinterest<\/a><\/p>\n<script async defer src=\"https:\/\/assets.pinterest.com\/js\/pinit.js\"><\/script><div class=\"prw-fallback\"><a data-pin-do=\"embedBoard\" href=\"https:\/\/www.pinterest.com\/sacotin\/vos-cloe-your-cloe\/\"><\/a><\/div>\n","protected":false},"excerpt":{"rendered":"<p style=\"text-align: justify;\">Two bags in one with this trapeze-shaped reversible carry-all bag pattern. Wear it right side out or wrong side\u00a0out depending on your mood. Clo\u00e9 has one exterior pocket and a center divider inside.<\/p>\n<p><em><strong>Right side of the bag\u00a0:<\/strong> front pocket with contrasting triangle.<\/em><br \/>\n<strong><em>Wrong side of the bag<\/em><\/strong>\u00a0<em><strong>:<\/strong><\/em> <em>front pocket with contrasting diagonal strip.<\/em><br \/>\n<em><strong>Dimensions :<\/strong><\/em>\u00a0<em>height 80 cm (31 1\/2&#8243;), width 36 cm (14&#8243;), depth 10 cm (4&#8243;).<\/em><\/p>\n<p style=\"text-align: justify;\"><em><img loading=\"lazy\" decoding=\"async\" class=\" wp-image-1118 alignleft\" src=\"https:\/\/sacotin.com\/wp-content\/uploads\/2013\/04\/niveau-d\u00e9butant.jpg\" alt=\"niveau d\u00e9butant\" width=\"77\" height=\"27\" \/>\u00a0Beginner.<br \/>\n<\/em><\/p>\n<p style=\"text-align: justify;\"><a href=\"http:\/\/sacotin.com\/en\/tag\/cloe-en\/\">Posts and tutorials about Clo\u00e9<\/a><\/p>\n<p style=\"text-align: center;\"><a href=\"https:\/\/sacotin.com\/boutique\/patron-de-sac-cloe\/\"><img loading=\"lazy\" decoding=\"async\" class=\"aligncenter wp-image-1276 size-full\" title=\"Lire en fran\u00e7ais\" src=\"https:\/\/sacotin.com\/wp-content\/uploads\/2013\/04\/France.png\" alt=\"Lire en fran\u00e7ais\" width=\"30\" height=\"30\" \/><\/a><\/p>\n<p style=\"text-align: justify;\"><em id=\"__mceDel\">Bag pattern\u00a0<strong>available as downloadable pdf only.<\/strong>\u00a0<a title=\"FAQ\" href=\"https:\/\/sacotin.com\/en\/faq\/\">FAQ<\/a><\/em><\/p>\n","protected":false},"featured_media":107558,"template":"","meta":[],"product_brand":[],"product_cat":[308,124],"product_tag":[80],"class_list":{"0":"post-1189","1":"product","2":"type-product","3":"status-publish","4":"has-post-thumbnail","6":"product_cat-for-vacation","7":"product_cat-patterns-bags","8":"product_tag-beginner","9":"pa_niveau-beginner-en","10":"pa_saison-spring-summer-en","12":"first","13":"instock","14":"downloadable","15":"virtual","16":"sold-individually","17":"purchasable","18":"product-type-simple"},"yoast_head":"<!-- This site is optimized with the Yoast SEO plugin v27.0 - https:\/\/yoast.com\/product\/yoast-seo-wordpress\/ -->\n<title>Clo\u00e9 bag pattern- Sac\u00f4tin<\/title>\n<meta name=\"description\" content=\"Clo\u00e9 bag pattern : Two bags in one with this trapeze-shaped reversible carry-all. Wear it right side out or wrong side out depending on your mood. Clo\u00e9 has one exterior pocket and a center divider inside.\" \/>\n<meta name=\"robots\" content=\"index, follow, max-snippet:-1, max-image-preview:large, max-video-preview:-1\" \/>\n<link rel=\"canonical\" href=\"https:\/\/sacotin.com\/en\/boutique\/cloe-bag-pattern\/\" \/>\n<meta property=\"og:locale\" content=\"en_US\" \/>\n<meta property=\"og:type\" content=\"article\" \/>\n<meta property=\"og:title\" content=\"Clo\u00e9 bag pattern- Sac\u00f4tin\" \/>\n<meta property=\"og:description\" content=\"Clo\u00e9 bag pattern : Two bags in one with this trapeze-shaped reversible carry-all. Wear it right side out or wrong side out depending on your mood. Clo\u00e9 has one exterior pocket and a center divider inside.\" \/>\n<meta property=\"og:url\" content=\"https:\/\/sacotin.com\/en\/boutique\/cloe-bag-pattern\/\" \/>\n<meta property=\"og:site_name\" content=\"Sac\u00f4tin\" \/>\n<meta property=\"article:modified_time\" content=\"2025-04-13T06:04:38+00:00\" \/>\n<meta property=\"og:image\" content=\"https:\/\/sacotin.com\/wp-content\/uploads\/2013\/04\/Patron-de-sac-Cloe-SACOTIN-1.jpg\" \/>\n\t<meta property=\"og:image:width\" content=\"500\" \/>\n\t<meta property=\"og:image:height\" content=\"500\" \/>\n\t<meta property=\"og:image:type\" content=\"image\/jpeg\" \/>\n<script type=\"application\/ld+json\" class=\"yoast-schema-graph\">{\"@context\":\"https:\/\/schema.org\",\"@graph\":[{\"@type\":\"WebPage\",\"@id\":\"https:\/\/sacotin.com\/en\/boutique\/cloe-bag-pattern\/\",\"url\":\"https:\/\/sacotin.com\/en\/boutique\/cloe-bag-pattern\/\",\"name\":\"Clo\u00e9 bag pattern- Sac\u00f4tin\",\"isPartOf\":{\"@id\":\"https:\/\/sacotin.com\/#website\"},\"primaryImageOfPage\":{\"@id\":\"https:\/\/sacotin.com\/en\/boutique\/cloe-bag-pattern\/#primaryimage\"},\"image\":{\"@id\":\"https:\/\/sacotin.com\/en\/boutique\/cloe-bag-pattern\/#primaryimage\"},\"thumbnailUrl\":\"https:\/\/sacotin.com\/wp-content\/uploads\/2013\/04\/Patron-de-sac-Cloe-SACOTIN-1-1.jpg\",\"datePublished\":\"2013-04-20T13:51:48+00:00\",\"dateModified\":\"2025-04-13T06:04:38+00:00\",\"description\":\"Clo\u00e9 bag pattern : Two bags in one with this trapeze-shaped reversible carry-all. Wear it right side out or wrong side out depending on your mood. Clo\u00e9 has one exterior pocket and a center divider inside.\",\"breadcrumb\":{\"@id\":\"https:\/\/sacotin.com\/en\/boutique\/cloe-bag-pattern\/#breadcrumb\"},\"inLanguage\":\"gb-GB\",\"potentialAction\":[{\"@type\":\"ReadAction\",\"target\":[\"https:\/\/sacotin.com\/en\/boutique\/cloe-bag-pattern\/\"]}]},{\"@type\":\"ImageObject\",\"inLanguage\":\"gb-GB\",\"@id\":\"https:\/\/sacotin.com\/en\/boutique\/cloe-bag-pattern\/#primaryimage\",\"url\":\"https:\/\/sacotin.com\/wp-content\/uploads\/2013\/04\/Patron-de-sac-Cloe-SACOTIN-1-1.jpg\",\"contentUrl\":\"https:\/\/sacotin.com\/wp-content\/uploads\/2013\/04\/Patron-de-sac-Cloe-SACOTIN-1-1.jpg\",\"width\":500,\"height\":500},{\"@type\":\"BreadcrumbList\",\"@id\":\"https:\/\/sacotin.com\/en\/boutique\/cloe-bag-pattern\/#breadcrumb\",\"itemListElement\":[{\"@type\":\"ListItem\",\"position\":1,\"name\":\"Accueil\",\"item\":\"https:\/\/sacotin.com\/en\/\"},{\"@type\":\"ListItem\",\"position\":2,\"name\":\"Shop\",\"item\":\"https:\/\/sacotin.com\/en\/shop\/\"},{\"@type\":\"ListItem\",\"position\":3,\"name\":\"Clo\u00e9\"}]},{\"@type\":\"WebSite\",\"@id\":\"https:\/\/sacotin.com\/#website\",\"url\":\"https:\/\/sacotin.com\/\",\"name\":\"Sac\u00f4tin\",\"description\":\"Patrons de sacs\",\"publisher\":{\"@id\":\"https:\/\/sacotin.com\/#organization\"},\"potentialAction\":[{\"@type\":\"SearchAction\",\"target\":{\"@type\":\"EntryPoint\",\"urlTemplate\":\"https:\/\/sacotin.com\/?s={search_term_string}\"},\"query-input\":{\"@type\":\"PropertyValueSpecification\",\"valueRequired\":true,\"valueName\":\"search_term_string\"}}],\"inLanguage\":\"gb-GB\"},{\"@type\":\"Organization\",\"@id\":\"https:\/\/sacotin.com\/#organization\",\"name\":\"Sac\u00f4tin\",\"url\":\"https:\/\/sacotin.com\/\",\"logo\":{\"@type\":\"ImageObject\",\"inLanguage\":\"gb-GB\",\"@id\":\"https:\/\/sacotin.com\/#\/schema\/logo\/image\/\",\"url\":\"https:\/\/sacotin.com\/wp-content\/uploads\/2017\/11\/cropped-LogoSacotin-1.png\",\"contentUrl\":\"https:\/\/sacotin.com\/wp-content\/uploads\/2017\/11\/cropped-LogoSacotin-1.png\",\"width\":250,\"height\":230,\"caption\":\"Sac\u00f4tin\"},\"image\":{\"@id\":\"https:\/\/sacotin.com\/#\/schema\/logo\/image\/\"}}]}<\/script>\n<!-- \/ Yoast SEO plugin. -->","yoast_head_json":{"title":"Clo\u00e9 bag pattern- Sac\u00f4tin","description":"Clo\u00e9 bag pattern : Two bags in one with this trapeze-shaped reversible carry-all. Wear it right side out or wrong side out depending on your mood. Clo\u00e9 has one exterior pocket and a center divider inside.","robots":{"index":"index","follow":"follow","max-snippet":"max-snippet:-1","max-image-preview":"max-image-preview:large","max-video-preview":"max-video-preview:-1"},"canonical":"https:\/\/sacotin.com\/en\/boutique\/cloe-bag-pattern\/","og_locale":"en_US","og_type":"article","og_title":"Clo\u00e9 bag pattern- Sac\u00f4tin","og_description":"Clo\u00e9 bag pattern : Two bags in one with this trapeze-shaped reversible carry-all. Wear it right side out or wrong side out depending on your mood. Clo\u00e9 has one exterior pocket and a center divider inside.","og_url":"https:\/\/sacotin.com\/en\/boutique\/cloe-bag-pattern\/","og_site_name":"Sac\u00f4tin","article_modified_time":"2025-04-13T06:04:38+00:00","og_image":[{"width":500,"height":500,"url":"https:\/\/sacotin.com\/wp-content\/uploads\/2013\/04\/Patron-de-sac-Cloe-SACOTIN-1.jpg","type":"image\/jpeg"}],"schema":{"@context":"https:\/\/schema.org","@graph":[{"@type":"WebPage","@id":"https:\/\/sacotin.com\/en\/boutique\/cloe-bag-pattern\/","url":"https:\/\/sacotin.com\/en\/boutique\/cloe-bag-pattern\/","name":"Clo\u00e9 bag pattern- Sac\u00f4tin","isPartOf":{"@id":"https:\/\/sacotin.com\/#website"},"primaryImageOfPage":{"@id":"https:\/\/sacotin.com\/en\/boutique\/cloe-bag-pattern\/#primaryimage"},"image":{"@id":"https:\/\/sacotin.com\/en\/boutique\/cloe-bag-pattern\/#primaryimage"},"thumbnailUrl":"https:\/\/sacotin.com\/wp-content\/uploads\/2013\/04\/Patron-de-sac-Cloe-SACOTIN-1-1.jpg","datePublished":"2013-04-20T13:51:48+00:00","dateModified":"2025-04-13T06:04:38+00:00","description":"Clo\u00e9 bag pattern : Two bags in one with this trapeze-shaped reversible carry-all. Wear it right side out or wrong side out depending on your mood. Clo\u00e9 has one exterior pocket and a center divider inside.","breadcrumb":{"@id":"https:\/\/sacotin.com\/en\/boutique\/cloe-bag-pattern\/#breadcrumb"},"inLanguage":"gb-GB","potentialAction":[{"@type":"ReadAction","target":["https:\/\/sacotin.com\/en\/boutique\/cloe-bag-pattern\/"]}]},{"@type":"ImageObject","inLanguage":"gb-GB","@id":"https:\/\/sacotin.com\/en\/boutique\/cloe-bag-pattern\/#primaryimage","url":"https:\/\/sacotin.com\/wp-content\/uploads\/2013\/04\/Patron-de-sac-Cloe-SACOTIN-1-1.jpg","contentUrl":"https:\/\/sacotin.com\/wp-content\/uploads\/2013\/04\/Patron-de-sac-Cloe-SACOTIN-1-1.jpg","width":500,"height":500},{"@type":"BreadcrumbList","@id":"https:\/\/sacotin.com\/en\/boutique\/cloe-bag-pattern\/#breadcrumb","itemListElement":[{"@type":"ListItem","position":1,"name":"Accueil","item":"https:\/\/sacotin.com\/en\/"},{"@type":"ListItem","position":2,"name":"Shop","item":"https:\/\/sacotin.com\/en\/shop\/"},{"@type":"ListItem","position":3,"name":"Clo\u00e9"}]},{"@type":"WebSite","@id":"https:\/\/sacotin.com\/#website","url":"https:\/\/sacotin.com\/","name":"Sac\u00f4tin","description":"Patrons de sacs","publisher":{"@id":"https:\/\/sacotin.com\/#organization"},"potentialAction":[{"@type":"SearchAction","target":{"@type":"EntryPoint","urlTemplate":"https:\/\/sacotin.com\/?s={search_term_string}"},"query-input":{"@type":"PropertyValueSpecification","valueRequired":true,"valueName":"search_term_string"}}],"inLanguage":"gb-GB"},{"@type":"Organization","@id":"https:\/\/sacotin.com\/#organization","name":"Sac\u00f4tin","url":"https:\/\/sacotin.com\/","logo":{"@type":"ImageObject","inLanguage":"gb-GB","@id":"https:\/\/sacotin.com\/#\/schema\/logo\/image\/","url":"https:\/\/sacotin.com\/wp-content\/uploads\/2017\/11\/cropped-LogoSacotin-1.png","contentUrl":"https:\/\/sacotin.com\/wp-content\/uploads\/2017\/11\/cropped-LogoSacotin-1.png","width":250,"height":230,"caption":"Sac\u00f4tin"},"image":{"@id":"https:\/\/sacotin.com\/#\/schema\/logo\/image\/"}}]}},"_links":{"self":[{"href":"https:\/\/sacotin.com\/en\/wp-json\/wp\/v2\/product\/1189","targetHints":{"allow":["GET"]}}],"collection":[{"href":"https:\/\/sacotin.com\/en\/wp-json\/wp\/v2\/product"}],"about":[{"href":"https:\/\/sacotin.com\/en\/wp-json\/wp\/v2\/types\/product"}],"wp:featuredmedia":[{"embeddable":true,"href":"https:\/\/sacotin.com\/en\/wp-json\/wp\/v2\/media\/107558"}],"wp:attachment":[{"href":"https:\/\/sacotin.com\/en\/wp-json\/wp\/v2\/media?parent=1189"}],"wp:term":[{"taxonomy":"product_brand","embeddable":true,"href":"https:\/\/sacotin.com\/en\/wp-json\/wp\/v2\/product_brand?post=1189"},{"taxonomy":"product_cat","embeddable":true,"href":"https:\/\/sacotin.com\/en\/wp-json\/wp\/v2\/product_cat?post=1189"},{"taxonomy":"product_tag","embeddable":true,"href":"https:\/\/sacotin.com\/en\/wp-json\/wp\/v2\/product_tag?post=1189"}],"curies":[{"name":"wp","href":"https:\/\/api.w.org\/{rel}","templated":true}]}}