{"id":48142,"date":"2019-09-30T10:25:49","date_gmt":"2019-09-30T08:25:50","guid":{"rendered":"https:\/\/sacotin.com\/?post_type=product&#038;p=48142"},"modified":"2025-12-19T10:41:20","modified_gmt":"2025-12-19T09:41:20","slug":"compere-wallet-pattern","status":"publish","type":"product","link":"https:\/\/sacotin.com\/en\/boutique\/compere-wallet-pattern\/","title":{"rendered":"Comp\u00e8re"},"content":{"rendered":"<p style=\"text-align: center;\">\u00a0Comp\u00e8re wallet pattern &#8211; Supplies<\/p>\n<p><img loading=\"lazy\" decoding=\"async\" class=\"aligncenter size-full wp-image-48260\" src=\"https:\/\/sacotin.com\/wp-content\/uploads\/2019\/09\/Compere-wallet-sacotin-supplies.jpg\" alt=\"\" width=\"1207\" height=\"807\" srcset=\"https:\/\/sacotin.com\/wp-content\/uploads\/2019\/09\/Compere-wallet-sacotin-supplies.jpg 1207w, https:\/\/sacotin.com\/wp-content\/uploads\/2019\/09\/Compere-wallet-sacotin-supplies-300x201.jpg 300w, https:\/\/sacotin.com\/wp-content\/uploads\/2019\/09\/Compere-wallet-sacotin-supplies-768x513.jpg 768w, https:\/\/sacotin.com\/wp-content\/uploads\/2019\/09\/Compere-wallet-sacotin-supplies-1024x685.jpg 1024w, https:\/\/sacotin.com\/wp-content\/uploads\/2019\/09\/Compere-wallet-sacotin-supplies-501x335.jpg 501w\" sizes=\"auto, (max-width: 1207px) 100vw, 1207px\" \/><\/p>\n<p style=\"text-align: center;\"><strong>These are the last wallets made by you, using the Comp\u00e8re wallet pattern.<\/strong><\/p>\n<p style=\"text-align: center;\">View more here, <a href=\"https:\/\/www.pinterest.fr\/sacotin\/portefeuille-comp\u00e8re-wallet\/\">on Pinterest.<\/a><\/p>\n<script async defer src=\"https:\/\/assets.pinterest.com\/js\/pinit.js\"><\/script><div class=\"prw-fallback\"><a data-pin-do=\"embedBoard\" href=\"https:\/\/www.pinterest.com\/sacotin\/portefeuille-comp%C3%A8re-wallet\/\"><\/a><\/div>\n","protected":false},"excerpt":{"rendered":"<p><strong>Comp\u00e8re is a unisex wallet<\/strong> for men, women and teens !<br \/>\nComp\u00e8re is <strong>practical and compact, with 3 credit card slots and 5 pockets<\/strong>, including 2 patch pockets, 1 flap with 2 clear pockets (French ID format) and a small zippered coin purse with bellows, for easy access to its contents.<br \/>\n<strong>2 sizes :<\/strong> Small for a pocket size wallet and Medium to fit a passport.<br \/>\nOptional tab closure with snap.<\/p>\n<p><em>Comp\u00e8re Small closed : height 13 cm (5 1\/8&#8243;) x width 9 cm (3 5\/8&#8243;).<\/em><br \/>\n<em>Comp\u00e8re Medium closed : height 15 cm (6&#8243;) x width 10.5 cm (4 1\/8&#8243;).<\/em><\/p>\n<p><a href=\"https:\/\/sacotin.com\/en\/jive-compere-crossbody-bag-for-men-and-unisex-wallet-patterns\/\">Read about Comp\u00e8re on the blog<\/a><\/p>\n<p style=\"text-align: justify;\"><em><a href=\"https:\/\/sacotin.com\/wp-content\/uploads\/2013\/04\/niveau-interm\u00e9diaire.jpg\"><img loading=\"lazy\" decoding=\"async\" class=\"alignleft wp-image-1116\" src=\"https:\/\/sacotin.com\/wp-content\/uploads\/2013\/04\/niveau-interm\u00e9diaire.jpg\" alt=\"\" width=\"87\" height=\"30\" \/><\/a> Intermediate level<\/em><\/p>\n<p style=\"text-align: left;\"><a href=\"https:\/\/sacotin.com\/boutique\/patron-portefeuille-compere\/\"><img loading=\"lazy\" decoding=\"async\" class=\"aligncenter wp-image-1276 size-full\" title=\"Lire en fran\u00e7ais\" src=\"https:\/\/sacotin.com\/wp-content\/uploads\/2013\/04\/France.png\" alt=\"Lire en fran\u00e7ais\" width=\"30\" height=\"30\" \/><\/a>Bag pattern\u00a0<strong>available as downloadable pdf only.\u00a0<\/strong><a title=\"Help\" href=\"https:\/\/sacotin.com\/en\/help\/\">Help<\/a><\/p>\n","protected":false},"featured_media":48338,"template":"","meta":[],"product_brand":[],"product_cat":[124,267,297],"product_tag":[81],"class_list":{"0":"post-48142","1":"product","2":"type-product","3":"status-publish","4":"has-post-thumbnail","6":"product_cat-patterns-bags","7":"product_cat-wallet","8":"product_cat-with-sewing-pattern-projector-file","9":"product_tag-intermediate","11":"first","12":"instock","13":"downloadable","14":"virtual","15":"sold-individually","16":"purchasable","17":"product-type-simple"},"yoast_head":"<!-- This site is optimized with the Yoast SEO plugin v27.3 - https:\/\/yoast.com\/product\/yoast-seo-wordpress\/ -->\n<title>Comp\u00e8re wallet pattern - Sac\u00f4tin<\/title>\n<meta name=\"description\" content=\"Comp\u00e8re is a unisex wallet for men, women and teens !Comp\u00e8re is practical and compact, with 3 credit card slots and 5 pockets, including 2 patch pockets, 1 flap with 2 clear pockets (French ID format) and a small zippered coin purse with bellows, for easy access to its contents.2 sizes : Small for a pocket size wallet and Medium to fit a passport.\" \/>\n<meta name=\"robots\" content=\"index, follow, max-snippet:-1, max-image-preview:large, max-video-preview:-1\" \/>\n<link rel=\"canonical\" href=\"https:\/\/sacotin.com\/en\/boutique\/compere-wallet-pattern\/\" \/>\n<meta property=\"og:locale\" content=\"en_US\" \/>\n<meta property=\"og:type\" content=\"article\" \/>\n<meta property=\"og:title\" content=\"Comp\u00e8re wallet pattern - Sac\u00f4tin\" \/>\n<meta property=\"og:description\" content=\"Comp\u00e8re is a unisex wallet for men, women and teens !Comp\u00e8re is practical and compact, with 3 credit card slots and 5 pockets, including 2 patch pockets, 1 flap with 2 clear pockets (French ID format) and a small zippered coin purse with bellows, for easy access to its contents.2 sizes : Small for a pocket size wallet and Medium to fit a passport.\" \/>\n<meta property=\"og:url\" content=\"https:\/\/sacotin.com\/en\/boutique\/compere-wallet-pattern\/\" \/>\n<meta property=\"og:site_name\" content=\"Sac\u00f4tin\" \/>\n<meta property=\"article:modified_time\" content=\"2025-12-19T09:41:20+00:00\" \/>\n<meta property=\"og:image\" content=\"https:\/\/sacotin.com\/wp-content\/uploads\/2019\/09\/Comp\u00e8re-feat-produit.jpg\" \/>\n\t<meta property=\"og:image:width\" content=\"1000\" \/>\n\t<meta property=\"og:image:height\" content=\"1000\" \/>\n\t<meta property=\"og:image:type\" content=\"image\/jpeg\" \/>\n<script type=\"application\/ld+json\" class=\"yoast-schema-graph\">{\"@context\":\"https:\\\/\\\/schema.org\",\"@graph\":[{\"@type\":\"WebPage\",\"@id\":\"https:\\\/\\\/sacotin.com\\\/en\\\/boutique\\\/compere-wallet-pattern\\\/\",\"url\":\"https:\\\/\\\/sacotin.com\\\/en\\\/boutique\\\/compere-wallet-pattern\\\/\",\"name\":\"Comp\u00e8re wallet pattern - Sac\u00f4tin\",\"isPartOf\":{\"@id\":\"https:\\\/\\\/sacotin.com\\\/#website\"},\"primaryImageOfPage\":{\"@id\":\"https:\\\/\\\/sacotin.com\\\/en\\\/boutique\\\/compere-wallet-pattern\\\/#primaryimage\"},\"image\":{\"@id\":\"https:\\\/\\\/sacotin.com\\\/en\\\/boutique\\\/compere-wallet-pattern\\\/#primaryimage\"},\"thumbnailUrl\":\"https:\\\/\\\/sacotin.com\\\/wp-content\\\/uploads\\\/2019\\\/09\\\/Comp\u00e8re-feat-produit.jpg\",\"datePublished\":\"2019-09-30T08:25:50+00:00\",\"dateModified\":\"2025-12-19T09:41:20+00:00\",\"description\":\"Comp\u00e8re is a unisex wallet for men, women and teens !Comp\u00e8re is practical and compact, with 3 credit card slots and 5 pockets, including 2 patch pockets, 1 flap with 2 clear pockets (French ID format) and a small zippered coin purse with bellows, for easy access to its contents.2 sizes : Small for a pocket size wallet and Medium to fit a passport.\",\"breadcrumb\":{\"@id\":\"https:\\\/\\\/sacotin.com\\\/en\\\/boutique\\\/compere-wallet-pattern\\\/#breadcrumb\"},\"inLanguage\":\"gb-GB\",\"potentialAction\":[{\"@type\":\"ReadAction\",\"target\":[\"https:\\\/\\\/sacotin.com\\\/en\\\/boutique\\\/compere-wallet-pattern\\\/\"]}]},{\"@type\":\"ImageObject\",\"inLanguage\":\"gb-GB\",\"@id\":\"https:\\\/\\\/sacotin.com\\\/en\\\/boutique\\\/compere-wallet-pattern\\\/#primaryimage\",\"url\":\"https:\\\/\\\/sacotin.com\\\/wp-content\\\/uploads\\\/2019\\\/09\\\/Comp\u00e8re-feat-produit.jpg\",\"contentUrl\":\"https:\\\/\\\/sacotin.com\\\/wp-content\\\/uploads\\\/2019\\\/09\\\/Comp\u00e8re-feat-produit.jpg\",\"width\":1000,\"height\":1000,\"caption\":\"Patron portefeuille Comp\u00e8re Sac\u00f4tin\"},{\"@type\":\"BreadcrumbList\",\"@id\":\"https:\\\/\\\/sacotin.com\\\/en\\\/boutique\\\/compere-wallet-pattern\\\/#breadcrumb\",\"itemListElement\":[{\"@type\":\"ListItem\",\"position\":1,\"name\":\"Accueil\",\"item\":\"https:\\\/\\\/sacotin.com\\\/en\\\/\"},{\"@type\":\"ListItem\",\"position\":2,\"name\":\"Shop\",\"item\":\"https:\\\/\\\/sacotin.com\\\/en\\\/shop\\\/\"},{\"@type\":\"ListItem\",\"position\":3,\"name\":\"Comp\u00e8re\"}]},{\"@type\":\"WebSite\",\"@id\":\"https:\\\/\\\/sacotin.com\\\/#website\",\"url\":\"https:\\\/\\\/sacotin.com\\\/\",\"name\":\"Sac\u00f4tin\",\"description\":\"Patrons de sacs\",\"publisher\":{\"@id\":\"https:\\\/\\\/sacotin.com\\\/#organization\"},\"potentialAction\":[{\"@type\":\"SearchAction\",\"target\":{\"@type\":\"EntryPoint\",\"urlTemplate\":\"https:\\\/\\\/sacotin.com\\\/?s={search_term_string}\"},\"query-input\":{\"@type\":\"PropertyValueSpecification\",\"valueRequired\":true,\"valueName\":\"search_term_string\"}}],\"inLanguage\":\"gb-GB\"},{\"@type\":\"Organization\",\"@id\":\"https:\\\/\\\/sacotin.com\\\/#organization\",\"name\":\"Sac\u00f4tin\",\"url\":\"https:\\\/\\\/sacotin.com\\\/\",\"logo\":{\"@type\":\"ImageObject\",\"inLanguage\":\"gb-GB\",\"@id\":\"https:\\\/\\\/sacotin.com\\\/#\\\/schema\\\/logo\\\/image\\\/\",\"url\":\"https:\\\/\\\/sacotin.com\\\/wp-content\\\/uploads\\\/2017\\\/11\\\/cropped-LogoSacotin-1.png\",\"contentUrl\":\"https:\\\/\\\/sacotin.com\\\/wp-content\\\/uploads\\\/2017\\\/11\\\/cropped-LogoSacotin-1.png\",\"width\":250,\"height\":230,\"caption\":\"Sac\u00f4tin\"},\"image\":{\"@id\":\"https:\\\/\\\/sacotin.com\\\/#\\\/schema\\\/logo\\\/image\\\/\"}}]}<\/script>\n<!-- \/ Yoast SEO plugin. -->","yoast_head_json":{"title":"Comp\u00e8re wallet pattern - Sac\u00f4tin","description":"Comp\u00e8re is a unisex wallet for men, women and teens !Comp\u00e8re is practical and compact, with 3 credit card slots and 5 pockets, including 2 patch pockets, 1 flap with 2 clear pockets (French ID format) and a small zippered coin purse with bellows, for easy access to its contents.2 sizes : Small for a pocket size wallet and Medium to fit a passport.","robots":{"index":"index","follow":"follow","max-snippet":"max-snippet:-1","max-image-preview":"max-image-preview:large","max-video-preview":"max-video-preview:-1"},"canonical":"https:\/\/sacotin.com\/en\/boutique\/compere-wallet-pattern\/","og_locale":"en_US","og_type":"article","og_title":"Comp\u00e8re wallet pattern - Sac\u00f4tin","og_description":"Comp\u00e8re is a unisex wallet for men, women and teens !Comp\u00e8re is practical and compact, with 3 credit card slots and 5 pockets, including 2 patch pockets, 1 flap with 2 clear pockets (French ID format) and a small zippered coin purse with bellows, for easy access to its contents.2 sizes : Small for a pocket size wallet and Medium to fit a passport.","og_url":"https:\/\/sacotin.com\/en\/boutique\/compere-wallet-pattern\/","og_site_name":"Sac\u00f4tin","article_modified_time":"2025-12-19T09:41:20+00:00","og_image":[{"width":1000,"height":1000,"url":"https:\/\/sacotin.com\/wp-content\/uploads\/2019\/09\/Comp\u00e8re-feat-produit.jpg","type":"image\/jpeg"}],"schema":{"@context":"https:\/\/schema.org","@graph":[{"@type":"WebPage","@id":"https:\/\/sacotin.com\/en\/boutique\/compere-wallet-pattern\/","url":"https:\/\/sacotin.com\/en\/boutique\/compere-wallet-pattern\/","name":"Comp\u00e8re wallet pattern - Sac\u00f4tin","isPartOf":{"@id":"https:\/\/sacotin.com\/#website"},"primaryImageOfPage":{"@id":"https:\/\/sacotin.com\/en\/boutique\/compere-wallet-pattern\/#primaryimage"},"image":{"@id":"https:\/\/sacotin.com\/en\/boutique\/compere-wallet-pattern\/#primaryimage"},"thumbnailUrl":"https:\/\/sacotin.com\/wp-content\/uploads\/2019\/09\/Comp\u00e8re-feat-produit.jpg","datePublished":"2019-09-30T08:25:50+00:00","dateModified":"2025-12-19T09:41:20+00:00","description":"Comp\u00e8re is a unisex wallet for men, women and teens !Comp\u00e8re is practical and compact, with 3 credit card slots and 5 pockets, including 2 patch pockets, 1 flap with 2 clear pockets (French ID format) and a small zippered coin purse with bellows, for easy access to its contents.2 sizes : Small for a pocket size wallet and Medium to fit a passport.","breadcrumb":{"@id":"https:\/\/sacotin.com\/en\/boutique\/compere-wallet-pattern\/#breadcrumb"},"inLanguage":"gb-GB","potentialAction":[{"@type":"ReadAction","target":["https:\/\/sacotin.com\/en\/boutique\/compere-wallet-pattern\/"]}]},{"@type":"ImageObject","inLanguage":"gb-GB","@id":"https:\/\/sacotin.com\/en\/boutique\/compere-wallet-pattern\/#primaryimage","url":"https:\/\/sacotin.com\/wp-content\/uploads\/2019\/09\/Comp\u00e8re-feat-produit.jpg","contentUrl":"https:\/\/sacotin.com\/wp-content\/uploads\/2019\/09\/Comp\u00e8re-feat-produit.jpg","width":1000,"height":1000,"caption":"Patron portefeuille Comp\u00e8re Sac\u00f4tin"},{"@type":"BreadcrumbList","@id":"https:\/\/sacotin.com\/en\/boutique\/compere-wallet-pattern\/#breadcrumb","itemListElement":[{"@type":"ListItem","position":1,"name":"Accueil","item":"https:\/\/sacotin.com\/en\/"},{"@type":"ListItem","position":2,"name":"Shop","item":"https:\/\/sacotin.com\/en\/shop\/"},{"@type":"ListItem","position":3,"name":"Comp\u00e8re"}]},{"@type":"WebSite","@id":"https:\/\/sacotin.com\/#website","url":"https:\/\/sacotin.com\/","name":"Sac\u00f4tin","description":"Patrons de sacs","publisher":{"@id":"https:\/\/sacotin.com\/#organization"},"potentialAction":[{"@type":"SearchAction","target":{"@type":"EntryPoint","urlTemplate":"https:\/\/sacotin.com\/?s={search_term_string}"},"query-input":{"@type":"PropertyValueSpecification","valueRequired":true,"valueName":"search_term_string"}}],"inLanguage":"gb-GB"},{"@type":"Organization","@id":"https:\/\/sacotin.com\/#organization","name":"Sac\u00f4tin","url":"https:\/\/sacotin.com\/","logo":{"@type":"ImageObject","inLanguage":"gb-GB","@id":"https:\/\/sacotin.com\/#\/schema\/logo\/image\/","url":"https:\/\/sacotin.com\/wp-content\/uploads\/2017\/11\/cropped-LogoSacotin-1.png","contentUrl":"https:\/\/sacotin.com\/wp-content\/uploads\/2017\/11\/cropped-LogoSacotin-1.png","width":250,"height":230,"caption":"Sac\u00f4tin"},"image":{"@id":"https:\/\/sacotin.com\/#\/schema\/logo\/image\/"}}]}},"_links":{"self":[{"href":"https:\/\/sacotin.com\/en\/wp-json\/wp\/v2\/product\/48142","targetHints":{"allow":["GET"]}}],"collection":[{"href":"https:\/\/sacotin.com\/en\/wp-json\/wp\/v2\/product"}],"about":[{"href":"https:\/\/sacotin.com\/en\/wp-json\/wp\/v2\/types\/product"}],"wp:featuredmedia":[{"embeddable":true,"href":"https:\/\/sacotin.com\/en\/wp-json\/wp\/v2\/media\/48338"}],"wp:attachment":[{"href":"https:\/\/sacotin.com\/en\/wp-json\/wp\/v2\/media?parent=48142"}],"wp:term":[{"taxonomy":"product_brand","embeddable":true,"href":"https:\/\/sacotin.com\/en\/wp-json\/wp\/v2\/product_brand?post=48142"},{"taxonomy":"product_cat","embeddable":true,"href":"https:\/\/sacotin.com\/en\/wp-json\/wp\/v2\/product_cat?post=48142"},{"taxonomy":"product_tag","embeddable":true,"href":"https:\/\/sacotin.com\/en\/wp-json\/wp\/v2\/product_tag?post=48142"}],"curies":[{"name":"wp","href":"https:\/\/api.w.org\/{rel}","templated":true}]}}