{"id":57006,"date":"2020-06-09T08:50:36","date_gmt":"2020-05-25T09:11:37","guid":{"rendered":"https:\/\/sacotin.com\/?post_type=product&#038;p=57006"},"modified":"2025-04-13T08:01:08","modified_gmt":"2025-04-13T06:01:08","slug":"troika-bag-pattern","status":"publish","type":"product","link":"https:\/\/sacotin.com\/en\/boutique\/troika-bag-pattern\/","title":{"rendered":"Tro\u00efka"},"content":{"rendered":"<p style=\"text-align: center;\">\u00a0Tro\u00efka backpack pattern &#8211; Supplies<\/p>\n<p>&nbsp;<\/p>\n<figure id=\"attachment_57417\" aria-describedby=\"caption-attachment-57417\" style=\"width: 879px\" class=\"wp-caption aligncenter\"><img loading=\"lazy\" decoding=\"async\" class=\"wp-image-57417 size-full\" src=\"https:\/\/sacotin.com\/wp-content\/uploads\/2020\/05\/Supplies-Troika-backpack-Sacotin.jpg\" alt=\"\" width=\"879\" height=\"751\" srcset=\"https:\/\/sacotin.com\/wp-content\/uploads\/2020\/05\/Supplies-Troika-backpack-Sacotin.jpg 879w, https:\/\/sacotin.com\/wp-content\/uploads\/2020\/05\/Supplies-Troika-backpack-Sacotin-300x256.jpg 300w, https:\/\/sacotin.com\/wp-content\/uploads\/2020\/05\/Supplies-Troika-backpack-Sacotin-768x656.jpg 768w, https:\/\/sacotin.com\/wp-content\/uploads\/2020\/05\/Supplies-Troika-backpack-Sacotin-501x428.jpg 501w\" sizes=\"auto, (max-width: 879px) 100vw, 879px\" \/><figcaption id=\"caption-attachment-57417\" class=\"wp-caption-text\">Tro\u00efka backpack pattern &#8211; Supplies<\/figcaption><\/figure>\n<p style=\"text-align: center;\"><strong>These are the last backpacks made by you, using the Tro\u00efka bag pattern.<\/strong><\/p>\n<p style=\"text-align: center;\">View more here, <a href=\"https:\/\/www.pinterest.fr\/sacotin\/sacs-troika-bags\/\">here on Pinterest<\/a>.<\/p>\n<script async defer src=\"https:\/\/assets.pinterest.com\/js\/pinit.js\"><\/script><div class=\"prw-fallback\"><a data-pin-do=\"embedBoard\" href=\"https:\/\/www.pinterest.com\/sacotin\/sacs-troika-bags\/\"><\/a><\/div>\n","protected":false},"excerpt":{"rendered":"<p>Troika is a <strong>zippered foldtop backpack, in 3 sizes<\/strong>.<br \/>\n<strong>Modern and unisex<\/strong>, you can give Tro\u00efka a city or hiking style, depending on your choice of fabrics.<br \/>\nTroika is <strong>secured by a zippered flap and a clip buckle<\/strong>.<br \/>\nIts <strong>shoulder straps are adjustable and padded<\/strong> for more comfort.<br \/>\n<strong>Tro\u00efka has 5 pockets<\/strong> : 2 zippered pockets outside + 1 divided pocket, 1 zippered pocket and 1 protective slip pocket for tablet or laptop, inside.<\/p>\n<p><strong>The pattern includes 3 sizes:<\/strong> Small, Medium and Large.<\/p>\n<p><strong><em>Dimensions :\u00a0<\/em><\/strong><br \/>\n<em><strong>Tro\u00efka S:<\/strong> width 22 cm (8 5\/8&#8243;) x height 27 cm (10 5\/8&#8243;) flap folded (flap unfolded: 36 cm &#8211; 14 1\/8&#8243;) x depth 13 cm (5 1\/8&#8243;).<\/em><br \/>\n<em>Tablet protective slip pocket 10.5&#8243; maximum*<\/em><br \/>\n<em><strong>Tro\u00efka M<\/strong>: width 26 cm (10 1\/4&#8243;) x height 33 cm (13&#8243;) flap folded (flap unfolded: 44 cm &#8211; 17 3\/8&#8243;) x depth 14 cm (5 1\/2&#8243;). <\/em><br \/>\n<em>Laptop protective slip pocket 11&#8243; to 13&#8243; maximum*<\/em><br \/>\n<em><strong>Tro\u00efka L:<\/strong> width 30 cm (11 7\/8&#8243;) x height 40 cm (15 3\/4&#8243;) flap folded (flap unfolded: 53 cm &#8211; 20 7\/8&#8243;) x depth 15 cm (5 7\/8&#8243;).<\/em><br \/>\n<em>Laptop protective slip pocket 13&#8243; to 15&#8243; maximum*\u00a0<\/em><br \/>\n*Check your device measurements on page 4 of the PDF.<\/p>\n<ul>\n<li><a href=\"https:\/\/sacotin.com\/en\/?p=57544\">Read about the Tro\u00efka backpack pattern on the Blog<\/a><\/li>\n<\/ul>\n<p style=\"text-align: justify;\"><em><a href=\"https:\/\/sacotin.com\/wp-content\/uploads\/2013\/04\/niveau-interm\u00e9diaire.jpg\"><img loading=\"lazy\" decoding=\"async\" class=\"alignleft wp-image-1116\" src=\"https:\/\/sacotin.com\/wp-content\/uploads\/2013\/04\/niveau-interm\u00e9diaire.jpg\" alt=\"\" width=\"87\" height=\"30\" \/><\/a>\u00a0 Intermediate level<\/em><\/p>\n<p style=\"text-align: center;\"><a href=\"https:\/\/sacotin.com\/boutique\/patron-sac-troika\/\"><img loading=\"lazy\" decoding=\"async\" class=\"aligncenter wp-image-2718 size-full\" title=\"Lire en fran\u00e7ais\" src=\"https:\/\/sacotin.com\/wp-content\/uploads\/2013\/04\/France.png\" alt=\"\" width=\"30\" height=\"30\" \/><\/a><\/p>\n<p style=\"text-align: justify;\">Bag pattern\u00a0<strong>available as downloadable pdf only,<a href=\"https:\/\/sacotin.com\/en\/help\/\"> more on the Help page<\/a>.<\/strong><\/p>\n","protected":false},"featured_media":57070,"template":"","meta":[],"product_brand":[],"product_cat":[248,308,57,124],"product_tag":[],"class_list":{"0":"post-57006","1":"product","2":"type-product","3":"status-publish","4":"has-post-thumbnail","6":"product_cat-backpacks","7":"product_cat-for-vacation","8":"product_cat-men-unisex-bags","9":"product_cat-patterns-bags","11":"first","12":"instock","13":"downloadable","14":"virtual","15":"sold-individually","16":"purchasable","17":"product-type-simple"},"yoast_head":"<!-- This site is optimized with the Yoast SEO plugin v27.3 - https:\/\/yoast.com\/product\/yoast-seo-wordpress\/ -->\n<title>Tro\u00efka backpack pattern - Sac\u00f4tin<\/title>\n<meta name=\"description\" content=\"Troika is a zippered foldtop backpack, in 3 sizes.Modern and unisex,Troika is secured by a zippered flap and a clip buckle.\" \/>\n<meta name=\"robots\" content=\"index, follow, max-snippet:-1, max-image-preview:large, max-video-preview:-1\" \/>\n<link rel=\"canonical\" href=\"https:\/\/sacotin.com\/en\/boutique\/troika-bag-pattern\/\" \/>\n<meta property=\"og:locale\" content=\"en_US\" \/>\n<meta property=\"og:type\" content=\"article\" \/>\n<meta property=\"og:title\" content=\"Tro\u00efka backpack pattern - Sac\u00f4tin\" \/>\n<meta property=\"og:description\" content=\"Troika is a zippered foldtop backpack, in 3 sizes.Modern and unisex,Troika is secured by a zippered flap and a clip buckle.\" \/>\n<meta property=\"og:url\" content=\"https:\/\/sacotin.com\/en\/boutique\/troika-bag-pattern\/\" \/>\n<meta property=\"og:site_name\" content=\"Sac\u00f4tin\" \/>\n<meta property=\"article:modified_time\" content=\"2025-04-13T06:01:08+00:00\" \/>\n<meta property=\"og:image\" content=\"https:\/\/sacotin.com\/wp-content\/uploads\/2020\/05\/Sac-\u00e0-dos-Troika-Sacotin-Large-military-1.jpg\" \/>\n\t<meta property=\"og:image:width\" content=\"1000\" \/>\n\t<meta property=\"og:image:height\" content=\"1000\" \/>\n\t<meta property=\"og:image:type\" content=\"image\/jpeg\" \/>\n<script type=\"application\/ld+json\" class=\"yoast-schema-graph\">{\"@context\":\"https:\\\/\\\/schema.org\",\"@graph\":[{\"@type\":\"WebPage\",\"@id\":\"https:\\\/\\\/sacotin.com\\\/en\\\/boutique\\\/troika-bag-pattern\\\/\",\"url\":\"https:\\\/\\\/sacotin.com\\\/en\\\/boutique\\\/troika-bag-pattern\\\/\",\"name\":\"Tro\u00efka backpack pattern - Sac\u00f4tin\",\"isPartOf\":{\"@id\":\"https:\\\/\\\/sacotin.com\\\/#website\"},\"primaryImageOfPage\":{\"@id\":\"https:\\\/\\\/sacotin.com\\\/en\\\/boutique\\\/troika-bag-pattern\\\/#primaryimage\"},\"image\":{\"@id\":\"https:\\\/\\\/sacotin.com\\\/en\\\/boutique\\\/troika-bag-pattern\\\/#primaryimage\"},\"thumbnailUrl\":\"https:\\\/\\\/sacotin.com\\\/wp-content\\\/uploads\\\/2020\\\/05\\\/Sac-\u00e0-dos-Troika-Sacotin-Large-military-1.jpg\",\"datePublished\":\"2020-05-25T09:11:37+00:00\",\"dateModified\":\"2025-04-13T06:01:08+00:00\",\"description\":\"Troika is a zippered foldtop backpack, in 3 sizes.Modern and unisex,Troika is secured by a zippered flap and a clip buckle.\",\"breadcrumb\":{\"@id\":\"https:\\\/\\\/sacotin.com\\\/en\\\/boutique\\\/troika-bag-pattern\\\/#breadcrumb\"},\"inLanguage\":\"gb-GB\",\"potentialAction\":[{\"@type\":\"ReadAction\",\"target\":[\"https:\\\/\\\/sacotin.com\\\/en\\\/boutique\\\/troika-bag-pattern\\\/\"]}]},{\"@type\":\"ImageObject\",\"inLanguage\":\"gb-GB\",\"@id\":\"https:\\\/\\\/sacotin.com\\\/en\\\/boutique\\\/troika-bag-pattern\\\/#primaryimage\",\"url\":\"https:\\\/\\\/sacotin.com\\\/wp-content\\\/uploads\\\/2020\\\/05\\\/Sac-\u00e0-dos-Troika-Sacotin-Large-military-1.jpg\",\"contentUrl\":\"https:\\\/\\\/sacotin.com\\\/wp-content\\\/uploads\\\/2020\\\/05\\\/Sac-\u00e0-dos-Troika-Sacotin-Large-military-1.jpg\",\"width\":1000,\"height\":1000,\"caption\":\"Sac \u00e0 dos Troika Large - Devant - Sac\u00f4tin\"},{\"@type\":\"BreadcrumbList\",\"@id\":\"https:\\\/\\\/sacotin.com\\\/en\\\/boutique\\\/troika-bag-pattern\\\/#breadcrumb\",\"itemListElement\":[{\"@type\":\"ListItem\",\"position\":1,\"name\":\"Accueil\",\"item\":\"https:\\\/\\\/sacotin.com\\\/en\\\/\"},{\"@type\":\"ListItem\",\"position\":2,\"name\":\"Shop\",\"item\":\"https:\\\/\\\/sacotin.com\\\/en\\\/shop\\\/\"},{\"@type\":\"ListItem\",\"position\":3,\"name\":\"Tro\u00efka\"}]},{\"@type\":\"WebSite\",\"@id\":\"https:\\\/\\\/sacotin.com\\\/#website\",\"url\":\"https:\\\/\\\/sacotin.com\\\/\",\"name\":\"Sac\u00f4tin\",\"description\":\"Patrons de sacs\",\"publisher\":{\"@id\":\"https:\\\/\\\/sacotin.com\\\/#organization\"},\"potentialAction\":[{\"@type\":\"SearchAction\",\"target\":{\"@type\":\"EntryPoint\",\"urlTemplate\":\"https:\\\/\\\/sacotin.com\\\/?s={search_term_string}\"},\"query-input\":{\"@type\":\"PropertyValueSpecification\",\"valueRequired\":true,\"valueName\":\"search_term_string\"}}],\"inLanguage\":\"gb-GB\"},{\"@type\":\"Organization\",\"@id\":\"https:\\\/\\\/sacotin.com\\\/#organization\",\"name\":\"Sac\u00f4tin\",\"url\":\"https:\\\/\\\/sacotin.com\\\/\",\"logo\":{\"@type\":\"ImageObject\",\"inLanguage\":\"gb-GB\",\"@id\":\"https:\\\/\\\/sacotin.com\\\/#\\\/schema\\\/logo\\\/image\\\/\",\"url\":\"https:\\\/\\\/sacotin.com\\\/wp-content\\\/uploads\\\/2017\\\/11\\\/cropped-LogoSacotin-1.png\",\"contentUrl\":\"https:\\\/\\\/sacotin.com\\\/wp-content\\\/uploads\\\/2017\\\/11\\\/cropped-LogoSacotin-1.png\",\"width\":250,\"height\":230,\"caption\":\"Sac\u00f4tin\"},\"image\":{\"@id\":\"https:\\\/\\\/sacotin.com\\\/#\\\/schema\\\/logo\\\/image\\\/\"}}]}<\/script>\n<!-- \/ Yoast SEO plugin. -->","yoast_head_json":{"title":"Tro\u00efka backpack pattern - Sac\u00f4tin","description":"Troika is a zippered foldtop backpack, in 3 sizes.Modern and unisex,Troika is secured by a zippered flap and a clip buckle.","robots":{"index":"index","follow":"follow","max-snippet":"max-snippet:-1","max-image-preview":"max-image-preview:large","max-video-preview":"max-video-preview:-1"},"canonical":"https:\/\/sacotin.com\/en\/boutique\/troika-bag-pattern\/","og_locale":"en_US","og_type":"article","og_title":"Tro\u00efka backpack pattern - Sac\u00f4tin","og_description":"Troika is a zippered foldtop backpack, in 3 sizes.Modern and unisex,Troika is secured by a zippered flap and a clip buckle.","og_url":"https:\/\/sacotin.com\/en\/boutique\/troika-bag-pattern\/","og_site_name":"Sac\u00f4tin","article_modified_time":"2025-04-13T06:01:08+00:00","og_image":[{"width":1000,"height":1000,"url":"https:\/\/sacotin.com\/wp-content\/uploads\/2020\/05\/Sac-\u00e0-dos-Troika-Sacotin-Large-military-1.jpg","type":"image\/jpeg"}],"schema":{"@context":"https:\/\/schema.org","@graph":[{"@type":"WebPage","@id":"https:\/\/sacotin.com\/en\/boutique\/troika-bag-pattern\/","url":"https:\/\/sacotin.com\/en\/boutique\/troika-bag-pattern\/","name":"Tro\u00efka backpack pattern - Sac\u00f4tin","isPartOf":{"@id":"https:\/\/sacotin.com\/#website"},"primaryImageOfPage":{"@id":"https:\/\/sacotin.com\/en\/boutique\/troika-bag-pattern\/#primaryimage"},"image":{"@id":"https:\/\/sacotin.com\/en\/boutique\/troika-bag-pattern\/#primaryimage"},"thumbnailUrl":"https:\/\/sacotin.com\/wp-content\/uploads\/2020\/05\/Sac-\u00e0-dos-Troika-Sacotin-Large-military-1.jpg","datePublished":"2020-05-25T09:11:37+00:00","dateModified":"2025-04-13T06:01:08+00:00","description":"Troika is a zippered foldtop backpack, in 3 sizes.Modern and unisex,Troika is secured by a zippered flap and a clip buckle.","breadcrumb":{"@id":"https:\/\/sacotin.com\/en\/boutique\/troika-bag-pattern\/#breadcrumb"},"inLanguage":"gb-GB","potentialAction":[{"@type":"ReadAction","target":["https:\/\/sacotin.com\/en\/boutique\/troika-bag-pattern\/"]}]},{"@type":"ImageObject","inLanguage":"gb-GB","@id":"https:\/\/sacotin.com\/en\/boutique\/troika-bag-pattern\/#primaryimage","url":"https:\/\/sacotin.com\/wp-content\/uploads\/2020\/05\/Sac-\u00e0-dos-Troika-Sacotin-Large-military-1.jpg","contentUrl":"https:\/\/sacotin.com\/wp-content\/uploads\/2020\/05\/Sac-\u00e0-dos-Troika-Sacotin-Large-military-1.jpg","width":1000,"height":1000,"caption":"Sac \u00e0 dos Troika Large - Devant - Sac\u00f4tin"},{"@type":"BreadcrumbList","@id":"https:\/\/sacotin.com\/en\/boutique\/troika-bag-pattern\/#breadcrumb","itemListElement":[{"@type":"ListItem","position":1,"name":"Accueil","item":"https:\/\/sacotin.com\/en\/"},{"@type":"ListItem","position":2,"name":"Shop","item":"https:\/\/sacotin.com\/en\/shop\/"},{"@type":"ListItem","position":3,"name":"Tro\u00efka"}]},{"@type":"WebSite","@id":"https:\/\/sacotin.com\/#website","url":"https:\/\/sacotin.com\/","name":"Sac\u00f4tin","description":"Patrons de sacs","publisher":{"@id":"https:\/\/sacotin.com\/#organization"},"potentialAction":[{"@type":"SearchAction","target":{"@type":"EntryPoint","urlTemplate":"https:\/\/sacotin.com\/?s={search_term_string}"},"query-input":{"@type":"PropertyValueSpecification","valueRequired":true,"valueName":"search_term_string"}}],"inLanguage":"gb-GB"},{"@type":"Organization","@id":"https:\/\/sacotin.com\/#organization","name":"Sac\u00f4tin","url":"https:\/\/sacotin.com\/","logo":{"@type":"ImageObject","inLanguage":"gb-GB","@id":"https:\/\/sacotin.com\/#\/schema\/logo\/image\/","url":"https:\/\/sacotin.com\/wp-content\/uploads\/2017\/11\/cropped-LogoSacotin-1.png","contentUrl":"https:\/\/sacotin.com\/wp-content\/uploads\/2017\/11\/cropped-LogoSacotin-1.png","width":250,"height":230,"caption":"Sac\u00f4tin"},"image":{"@id":"https:\/\/sacotin.com\/#\/schema\/logo\/image\/"}}]}},"_links":{"self":[{"href":"https:\/\/sacotin.com\/en\/wp-json\/wp\/v2\/product\/57006","targetHints":{"allow":["GET"]}}],"collection":[{"href":"https:\/\/sacotin.com\/en\/wp-json\/wp\/v2\/product"}],"about":[{"href":"https:\/\/sacotin.com\/en\/wp-json\/wp\/v2\/types\/product"}],"wp:featuredmedia":[{"embeddable":true,"href":"https:\/\/sacotin.com\/en\/wp-json\/wp\/v2\/media\/57070"}],"wp:attachment":[{"href":"https:\/\/sacotin.com\/en\/wp-json\/wp\/v2\/media?parent=57006"}],"wp:term":[{"taxonomy":"product_brand","embeddable":true,"href":"https:\/\/sacotin.com\/en\/wp-json\/wp\/v2\/product_brand?post=57006"},{"taxonomy":"product_cat","embeddable":true,"href":"https:\/\/sacotin.com\/en\/wp-json\/wp\/v2\/product_cat?post=57006"},{"taxonomy":"product_tag","embeddable":true,"href":"https:\/\/sacotin.com\/en\/wp-json\/wp\/v2\/product_tag?post=57006"}],"curies":[{"name":"wp","href":"https:\/\/api.w.org\/{rel}","templated":true}]}}