{"id":91226,"date":"2023-06-08T07:32:50","date_gmt":"2023-06-01T06:32:51","guid":{"rendered":"https:\/\/sacotin.com\/?post_type=product&#038;p=91226"},"modified":"2025-03-25T14:32:31","modified_gmt":"2025-03-25T13:32:31","slug":"rockotin-free-bag-pattern","status":"publish","type":"product","link":"https:\/\/sacotin.com\/en\/boutique\/rockotin-free-bag-pattern\/","title":{"rendered":"Rock\u00f4tin"},"content":{"rendered":"<p style=\"text-align: center;\">Rock\u00f4tin free bag pattern &#8211; Supplies<\/p>\n<p><a href=\"https:\/\/sacotin.com\/wp-content\/uploads\/2023\/06\/Supplies-free-bag-pattern-sacotin-rockotin.jpg\"><img loading=\"lazy\" decoding=\"async\" class=\"aligncenter wp-image-91228 size-full\" src=\"https:\/\/sacotin.com\/wp-content\/uploads\/2023\/06\/Supplies-free-bag-pattern-sacotin-rockotin.jpg\" alt=\"\" width=\"969\" height=\"822\" srcset=\"https:\/\/sacotin.com\/wp-content\/uploads\/2023\/06\/Supplies-free-bag-pattern-sacotin-rockotin.jpg 969w, https:\/\/sacotin.com\/wp-content\/uploads\/2023\/06\/Supplies-free-bag-pattern-sacotin-rockotin-300x254.jpg 300w, https:\/\/sacotin.com\/wp-content\/uploads\/2023\/06\/Supplies-free-bag-pattern-sacotin-rockotin-768x651.jpg 768w, https:\/\/sacotin.com\/wp-content\/uploads\/2023\/06\/Supplies-free-bag-pattern-sacotin-rockotin-501x425.jpg 501w\" sizes=\"auto, (max-width: 969px) 100vw, 969px\" \/><\/a><\/p>\n<p style=\"text-align: center;\"><strong>Bags case sewn by you, using this free pattern.<\/strong><\/p>\n<p style=\"text-align: center;\">See more <a href=\"https:\/\/www.pinterest.fr\/sacotin\/sacs-rock%C3%B4tin-bags\/\">here on Pinterest<\/a><\/p>\n<script async defer src=\"https:\/\/assets.pinterest.com\/js\/pinit.js\"><\/script><div class=\"prw-fallback\"><a data-pin-do=\"embedBoard\" href=\"https:\/\/www.pinterest.com\/sacotin\/sacs-rock%C3%B4tin-bags\/\"><\/a><\/div>\n","protected":false},"excerpt":{"rendered":"<p><em>Rock\u00f4tin is a free pattern published for Sac\u00f4tin 10th anniversary!<\/em><br \/>\nRock\u00f4tin is a <strong>feminine crossbody bag<\/strong>, matching the <a href=\"https:\/\/sacotin.com\/en\/boutique\/rock-bag-pattern\/\">Rock weekender bag<\/a>.<\/p>\n<p><strong>A light and practical zippered bag<\/strong> to use alone or in duo with Rock for a coordinated travel set.<\/p>\n<p>Rock\u00f4tin <strong>has 3 pockets<\/strong>. 1 patch pocket with flap on the front of the bag and 2 inside pockets : 1 zippered and 1 patch divided pocket.<\/p>\n<p>Thanks to its <strong>adjustable strap<\/strong>, Rock\u00f4tin can be worn over the shoulder or across the bust.<\/p>\n<p><strong>Dimensions<\/strong> : width 30 cm (12&#8243;) x height 20 cm (8&#8243;) x depth 7 cm (2 3\/4&#8243;) at the base.<br \/>\nThe Complice wallet fits inside Rock\u00f4tin.<\/p>\n<p><a href=\"https:\/\/sacotin.com\/wp-content\/uploads\/2022\/05\/Niveau-debutant-avance.jpg\"><img loading=\"lazy\" decoding=\"async\" class=\"alignleft wp-image-82284\" src=\"https:\/\/sacotin.com\/wp-content\/uploads\/2022\/05\/Niveau-debutant-avance.jpg\" alt=\"\" width=\"75\" height=\"31\" \/><\/a>Advanced Beginner<\/p>\n<p style=\"color: #3e3e3e;\"><a style=\"font-weight: bold; color: #707070 !important;\" href=\"https:\/\/sacotin.com\/boutique\/patron-gratuit-sac-rockotin\/\"><img loading=\"lazy\" decoding=\"async\" class=\"aligncenter wp-image-1276 size-full\" title=\"Lire en fran\u00e7ais\" src=\"https:\/\/sacotin.com\/wp-content\/uploads\/2013\/04\/France.png\" alt=\"Lire en fran\u00e7ais\" width=\"30\" height=\"30\" \/><\/a><\/p>\n<ul>\n<li><strong>Click the &#8220;Download now&#8221; button to get the printable pattern + instructions.<\/strong><\/li>\n<li><strong><a href=\"https:\/\/www.youtube.com\/watch?v=7FgU0jSpTmc\" target=\"_blank\" rel=\"noopener\">Vid\u00e9o Tutorial<\/a><\/strong> : this step-by-step video tutorial by OKSew shows you how to assemble the Rock\u00f4tin bag. It&#8217;s in English, the explanations are clear and the visuals easy to follow, a great companion as you sew your Rock\u00f4tin!<\/li>\n<li><a href=\"https:\/\/drive.google.com\/file\/d\/182ynpHUx0MJlJX_wp_AzAnDp7bWCr7-R\/view?usp=sharing\">Pattern file to use with a projector.<\/a><\/li>\n<\/ul>\n","protected":false},"featured_media":105677,"template":"","meta":[],"product_brand":[],"product_cat":[63,119,124,58,61,297],"product_tag":[80],"class_list":{"0":"post-91226","1":"product","2":"type-product","3":"status-publish","4":"has-post-thumbnail","6":"product_cat-clutch-bags","7":"product_cat-freepatterns","8":"product_cat-patterns-bags","9":"product_cat-sling-bags","10":"product_cat-small-bags","11":"product_cat-with-sewing-pattern-projector-file","12":"product_tag-beginner","14":"first","15":"instock","16":"product-type-external"},"yoast_head":"<!-- This site is optimized with the Yoast SEO plugin v27.3 - https:\/\/yoast.com\/product\/yoast-seo-wordpress\/ -->\n<title>Free bag pattern - Rock\u00f4tin by Sac\u00f4tin<\/title>\n<meta name=\"description\" content=\"Rock\u00f4tin is a free bag pattern published for Sac\u00f4tin 10th anniversary! Rock\u00f4tin is a feminine crossbody bag, matching the Rock weekender bag.\" \/>\n<meta name=\"robots\" content=\"index, follow, max-snippet:-1, max-image-preview:large, max-video-preview:-1\" \/>\n<link rel=\"canonical\" href=\"https:\/\/sacotin.com\/en\/boutique\/rockotin-free-bag-pattern\/\" \/>\n<meta property=\"og:locale\" content=\"en_US\" \/>\n<meta property=\"og:type\" content=\"article\" \/>\n<meta property=\"og:title\" content=\"Free bag pattern - Rock\u00f4tin by Sac\u00f4tin\" \/>\n<meta property=\"og:description\" content=\"Rock\u00f4tin is a free bag pattern published for Sac\u00f4tin 10th anniversary! Rock\u00f4tin is a feminine crossbody bag, matching the Rock weekender bag.\" \/>\n<meta property=\"og:url\" content=\"https:\/\/sacotin.com\/en\/boutique\/rockotin-free-bag-pattern\/\" \/>\n<meta property=\"og:site_name\" content=\"Sac\u00f4tin\" \/>\n<meta property=\"article:modified_time\" content=\"2025-03-25T13:32:31+00:00\" \/>\n<meta property=\"og:image\" content=\"https:\/\/sacotin.com\/wp-content\/uploads\/2023\/06\/Rockotin-patron-sac-gratuit-sacotin.jpg\" \/>\n\t<meta property=\"og:image:width\" content=\"1000\" \/>\n\t<meta property=\"og:image:height\" content=\"1000\" \/>\n\t<meta property=\"og:image:type\" content=\"image\/jpeg\" \/>\n<script type=\"application\/ld+json\" class=\"yoast-schema-graph\">{\"@context\":\"https:\\\/\\\/schema.org\",\"@graph\":[{\"@type\":\"WebPage\",\"@id\":\"https:\\\/\\\/sacotin.com\\\/en\\\/boutique\\\/rockotin-free-bag-pattern\\\/\",\"url\":\"https:\\\/\\\/sacotin.com\\\/en\\\/boutique\\\/rockotin-free-bag-pattern\\\/\",\"name\":\"Free bag pattern - Rock\u00f4tin by Sac\u00f4tin\",\"isPartOf\":{\"@id\":\"https:\\\/\\\/sacotin.com\\\/#website\"},\"primaryImageOfPage\":{\"@id\":\"https:\\\/\\\/sacotin.com\\\/en\\\/boutique\\\/rockotin-free-bag-pattern\\\/#primaryimage\"},\"image\":{\"@id\":\"https:\\\/\\\/sacotin.com\\\/en\\\/boutique\\\/rockotin-free-bag-pattern\\\/#primaryimage\"},\"thumbnailUrl\":\"https:\\\/\\\/sacotin.com\\\/wp-content\\\/uploads\\\/2023\\\/06\\\/Rockotin-patron-gratuit-sac-sacotin.jpg\",\"datePublished\":\"2023-06-01T06:32:51+00:00\",\"dateModified\":\"2025-03-25T13:32:31+00:00\",\"description\":\"Rock\u00f4tin is a free bag pattern published for Sac\u00f4tin 10th anniversary! Rock\u00f4tin is a feminine crossbody bag, matching the Rock weekender bag.\",\"breadcrumb\":{\"@id\":\"https:\\\/\\\/sacotin.com\\\/en\\\/boutique\\\/rockotin-free-bag-pattern\\\/#breadcrumb\"},\"inLanguage\":\"gb-GB\",\"potentialAction\":[{\"@type\":\"ReadAction\",\"target\":[\"https:\\\/\\\/sacotin.com\\\/en\\\/boutique\\\/rockotin-free-bag-pattern\\\/\"]}]},{\"@type\":\"ImageObject\",\"inLanguage\":\"gb-GB\",\"@id\":\"https:\\\/\\\/sacotin.com\\\/en\\\/boutique\\\/rockotin-free-bag-pattern\\\/#primaryimage\",\"url\":\"https:\\\/\\\/sacotin.com\\\/wp-content\\\/uploads\\\/2023\\\/06\\\/Rockotin-patron-gratuit-sac-sacotin.jpg\",\"contentUrl\":\"https:\\\/\\\/sacotin.com\\\/wp-content\\\/uploads\\\/2023\\\/06\\\/Rockotin-patron-gratuit-sac-sacotin.jpg\",\"width\":1000,\"height\":1000},{\"@type\":\"BreadcrumbList\",\"@id\":\"https:\\\/\\\/sacotin.com\\\/en\\\/boutique\\\/rockotin-free-bag-pattern\\\/#breadcrumb\",\"itemListElement\":[{\"@type\":\"ListItem\",\"position\":1,\"name\":\"Accueil\",\"item\":\"https:\\\/\\\/sacotin.com\\\/en\\\/\"},{\"@type\":\"ListItem\",\"position\":2,\"name\":\"Shop\",\"item\":\"https:\\\/\\\/sacotin.com\\\/en\\\/shop\\\/\"},{\"@type\":\"ListItem\",\"position\":3,\"name\":\"Rock\u00f4tin\"}]},{\"@type\":\"WebSite\",\"@id\":\"https:\\\/\\\/sacotin.com\\\/#website\",\"url\":\"https:\\\/\\\/sacotin.com\\\/\",\"name\":\"Sac\u00f4tin\",\"description\":\"Patrons de sacs\",\"publisher\":{\"@id\":\"https:\\\/\\\/sacotin.com\\\/#organization\"},\"potentialAction\":[{\"@type\":\"SearchAction\",\"target\":{\"@type\":\"EntryPoint\",\"urlTemplate\":\"https:\\\/\\\/sacotin.com\\\/?s={search_term_string}\"},\"query-input\":{\"@type\":\"PropertyValueSpecification\",\"valueRequired\":true,\"valueName\":\"search_term_string\"}}],\"inLanguage\":\"gb-GB\"},{\"@type\":\"Organization\",\"@id\":\"https:\\\/\\\/sacotin.com\\\/#organization\",\"name\":\"Sac\u00f4tin\",\"url\":\"https:\\\/\\\/sacotin.com\\\/\",\"logo\":{\"@type\":\"ImageObject\",\"inLanguage\":\"gb-GB\",\"@id\":\"https:\\\/\\\/sacotin.com\\\/#\\\/schema\\\/logo\\\/image\\\/\",\"url\":\"https:\\\/\\\/sacotin.com\\\/wp-content\\\/uploads\\\/2017\\\/11\\\/cropped-LogoSacotin-1.png\",\"contentUrl\":\"https:\\\/\\\/sacotin.com\\\/wp-content\\\/uploads\\\/2017\\\/11\\\/cropped-LogoSacotin-1.png\",\"width\":250,\"height\":230,\"caption\":\"Sac\u00f4tin\"},\"image\":{\"@id\":\"https:\\\/\\\/sacotin.com\\\/#\\\/schema\\\/logo\\\/image\\\/\"}}]}<\/script>\n<!-- \/ Yoast SEO plugin. -->","yoast_head_json":{"title":"Free bag pattern - Rock\u00f4tin by Sac\u00f4tin","description":"Rock\u00f4tin is a free bag pattern published for Sac\u00f4tin 10th anniversary! Rock\u00f4tin is a feminine crossbody bag, matching the Rock weekender bag.","robots":{"index":"index","follow":"follow","max-snippet":"max-snippet:-1","max-image-preview":"max-image-preview:large","max-video-preview":"max-video-preview:-1"},"canonical":"https:\/\/sacotin.com\/en\/boutique\/rockotin-free-bag-pattern\/","og_locale":"en_US","og_type":"article","og_title":"Free bag pattern - Rock\u00f4tin by Sac\u00f4tin","og_description":"Rock\u00f4tin is a free bag pattern published for Sac\u00f4tin 10th anniversary! Rock\u00f4tin is a feminine crossbody bag, matching the Rock weekender bag.","og_url":"https:\/\/sacotin.com\/en\/boutique\/rockotin-free-bag-pattern\/","og_site_name":"Sac\u00f4tin","article_modified_time":"2025-03-25T13:32:31+00:00","og_image":[{"width":1000,"height":1000,"url":"https:\/\/sacotin.com\/wp-content\/uploads\/2023\/06\/Rockotin-patron-sac-gratuit-sacotin.jpg","type":"image\/jpeg"}],"schema":{"@context":"https:\/\/schema.org","@graph":[{"@type":"WebPage","@id":"https:\/\/sacotin.com\/en\/boutique\/rockotin-free-bag-pattern\/","url":"https:\/\/sacotin.com\/en\/boutique\/rockotin-free-bag-pattern\/","name":"Free bag pattern - Rock\u00f4tin by Sac\u00f4tin","isPartOf":{"@id":"https:\/\/sacotin.com\/#website"},"primaryImageOfPage":{"@id":"https:\/\/sacotin.com\/en\/boutique\/rockotin-free-bag-pattern\/#primaryimage"},"image":{"@id":"https:\/\/sacotin.com\/en\/boutique\/rockotin-free-bag-pattern\/#primaryimage"},"thumbnailUrl":"https:\/\/sacotin.com\/wp-content\/uploads\/2023\/06\/Rockotin-patron-gratuit-sac-sacotin.jpg","datePublished":"2023-06-01T06:32:51+00:00","dateModified":"2025-03-25T13:32:31+00:00","description":"Rock\u00f4tin is a free bag pattern published for Sac\u00f4tin 10th anniversary! Rock\u00f4tin is a feminine crossbody bag, matching the Rock weekender bag.","breadcrumb":{"@id":"https:\/\/sacotin.com\/en\/boutique\/rockotin-free-bag-pattern\/#breadcrumb"},"inLanguage":"gb-GB","potentialAction":[{"@type":"ReadAction","target":["https:\/\/sacotin.com\/en\/boutique\/rockotin-free-bag-pattern\/"]}]},{"@type":"ImageObject","inLanguage":"gb-GB","@id":"https:\/\/sacotin.com\/en\/boutique\/rockotin-free-bag-pattern\/#primaryimage","url":"https:\/\/sacotin.com\/wp-content\/uploads\/2023\/06\/Rockotin-patron-gratuit-sac-sacotin.jpg","contentUrl":"https:\/\/sacotin.com\/wp-content\/uploads\/2023\/06\/Rockotin-patron-gratuit-sac-sacotin.jpg","width":1000,"height":1000},{"@type":"BreadcrumbList","@id":"https:\/\/sacotin.com\/en\/boutique\/rockotin-free-bag-pattern\/#breadcrumb","itemListElement":[{"@type":"ListItem","position":1,"name":"Accueil","item":"https:\/\/sacotin.com\/en\/"},{"@type":"ListItem","position":2,"name":"Shop","item":"https:\/\/sacotin.com\/en\/shop\/"},{"@type":"ListItem","position":3,"name":"Rock\u00f4tin"}]},{"@type":"WebSite","@id":"https:\/\/sacotin.com\/#website","url":"https:\/\/sacotin.com\/","name":"Sac\u00f4tin","description":"Patrons de sacs","publisher":{"@id":"https:\/\/sacotin.com\/#organization"},"potentialAction":[{"@type":"SearchAction","target":{"@type":"EntryPoint","urlTemplate":"https:\/\/sacotin.com\/?s={search_term_string}"},"query-input":{"@type":"PropertyValueSpecification","valueRequired":true,"valueName":"search_term_string"}}],"inLanguage":"gb-GB"},{"@type":"Organization","@id":"https:\/\/sacotin.com\/#organization","name":"Sac\u00f4tin","url":"https:\/\/sacotin.com\/","logo":{"@type":"ImageObject","inLanguage":"gb-GB","@id":"https:\/\/sacotin.com\/#\/schema\/logo\/image\/","url":"https:\/\/sacotin.com\/wp-content\/uploads\/2017\/11\/cropped-LogoSacotin-1.png","contentUrl":"https:\/\/sacotin.com\/wp-content\/uploads\/2017\/11\/cropped-LogoSacotin-1.png","width":250,"height":230,"caption":"Sac\u00f4tin"},"image":{"@id":"https:\/\/sacotin.com\/#\/schema\/logo\/image\/"}}]}},"_links":{"self":[{"href":"https:\/\/sacotin.com\/en\/wp-json\/wp\/v2\/product\/91226","targetHints":{"allow":["GET"]}}],"collection":[{"href":"https:\/\/sacotin.com\/en\/wp-json\/wp\/v2\/product"}],"about":[{"href":"https:\/\/sacotin.com\/en\/wp-json\/wp\/v2\/types\/product"}],"wp:featuredmedia":[{"embeddable":true,"href":"https:\/\/sacotin.com\/en\/wp-json\/wp\/v2\/media\/105677"}],"wp:attachment":[{"href":"https:\/\/sacotin.com\/en\/wp-json\/wp\/v2\/media?parent=91226"}],"wp:term":[{"taxonomy":"product_brand","embeddable":true,"href":"https:\/\/sacotin.com\/en\/wp-json\/wp\/v2\/product_brand?post=91226"},{"taxonomy":"product_cat","embeddable":true,"href":"https:\/\/sacotin.com\/en\/wp-json\/wp\/v2\/product_cat?post=91226"},{"taxonomy":"product_tag","embeddable":true,"href":"https:\/\/sacotin.com\/en\/wp-json\/wp\/v2\/product_tag?post=91226"}],"curies":[{"name":"wp","href":"https:\/\/api.w.org\/{rel}","templated":true}]}}