{"id":97359,"date":"2024-05-13T08:17:57","date_gmt":"2024-05-03T06:17:58","guid":{"rendered":"https:\/\/sacotin.com\/?post_type=product&#038;p=97359"},"modified":"2025-04-13T07:57:57","modified_gmt":"2025-04-13T05:57:57","slug":"free-luggage-tag-pattern","status":"publish","type":"product","link":"https:\/\/sacotin.com\/en\/boutique\/free-luggage-tag-pattern\/","title":{"rendered":"Luggage Tag Etic\u00f4tin"},"content":{"rendered":"<p style=\"text-align: center;\">Etic\u00f4tin &#8211; Free luggage tag pattern &#8211; Supplies<\/p>\n<p><a href=\"https:\/\/sacotin.com\/wp-content\/uploads\/2024\/05\/Eticotin-free-travel-tag-tutorial-supplies.png\"><img loading=\"lazy\" decoding=\"async\" class=\"aligncenter size-full wp-image-97389\" src=\"https:\/\/sacotin.com\/wp-content\/uploads\/2024\/05\/Eticotin-free-travel-tag-tutorial-supplies.png\" alt=\"\" width=\"807\" height=\"718\" srcset=\"https:\/\/sacotin.com\/wp-content\/uploads\/2024\/05\/Eticotin-free-travel-tag-tutorial-supplies.png 807w, https:\/\/sacotin.com\/wp-content\/uploads\/2024\/05\/Eticotin-free-travel-tag-tutorial-supplies-300x267.png 300w, https:\/\/sacotin.com\/wp-content\/uploads\/2024\/05\/Eticotin-free-travel-tag-tutorial-supplies-768x683.png 768w, https:\/\/sacotin.com\/wp-content\/uploads\/2024\/05\/Eticotin-free-travel-tag-tutorial-supplies-501x446.png 501w\" sizes=\"auto, (max-width: 807px) 100vw, 807px\" \/><\/a><\/p>\n<p style=\"text-align: center;\"><strong>Luggage tags sewn by you, using this free pattern.<\/strong><\/p>\n<p style=\"text-align: center;\">See more <a href=\"https:\/\/www.pinterest.fr\/sacotin\/etiquette-bagage-etic\u00f4tin-luggage-tag\" target=\"_blank\" rel=\"noopener\">here on Pinterest<\/a><\/p>\n<script async defer src=\"https:\/\/assets.pinterest.com\/js\/pinit.js\"><\/script><div class=\"prw-fallback\"><a data-pin-do=\"embedBoard\" href=\"https:\/\/www.pinterest.com\/sacotin\/etiquette-bagage-etic%C3%B4tin-luggage-tag\/\"><\/a><\/div>\n","protected":false},"excerpt":{"rendered":"<p>\u00c9tic\u00f4tin is a <strong>luggage tag with privacy flap<\/strong> to hide your personal information.<\/p>\n<p>It\u2019s <strong>easy to customize<\/strong> it for each member of the family!<br \/>\n\u00c9tic\u00f4tin is a small project <strong>ideal for using your fabric scraps<\/strong>.<\/p>\n<p><strong>Cards to note personal information are included<\/strong> and can be printed with the pattern.<\/p>\n<p><strong>2 patterns in 1! <\/strong>Etic\u00f4tin can also become a card holder (credit card, transport card, etc.), just don&#8217;t sew the loop!<\/p>\n<p><strong>Dimensions of the closed luggage tag:<\/strong> width 7.5 cm (3&#8243;) x height 11 cm (4 3\/8&#8243;).<\/p>\n<p><a href=\"https:\/\/sacotin.com\/wp-content\/uploads\/2024\/05\/Niveau-debutant.png\"><img loading=\"lazy\" decoding=\"async\" class=\"alignleft wp-image-97363\" src=\"https:\/\/sacotin.com\/wp-content\/uploads\/2024\/05\/Niveau-debutant.png\" alt=\"\" width=\"86\" height=\"33\" \/><\/a> Beginner<\/p>\n<p><strong>Click the &#8220;Download now&#8221; button to get the printable pattern + instructions.<\/strong><\/p>\n<p><strong>Bonus :<\/strong>\u00a0<a href=\"https:\/\/drive.google.com\/file\/d\/1A15YCdI9B42-TfaIAoziC4JJt0k9KLni\/view?usp=sharing\" target=\"_blank\" rel=\"noopener\">Pattern PDF file to use with a projector.<\/a><\/p>\n<p><a href=\"https:\/\/sacotin.com\/en\/eticotin-luggage-tag-free-pattern\">Details about this pattern and fabrics used here on the Blog.<\/a><\/p>\n<p style=\"color: #3e3e3e;\">Pattern\u00a0<strong>available as downloadable pdf only.<\/strong><a style=\"font-weight: bold; color: #707070 !important;\" title=\"FAQ\" href=\"https:\/\/sacotin.com\/en\/faq\/\">FAQ<\/a><\/p>\n<p><span style=\"color: #707070;\"><b><a style=\"font-weight: bold; color: #707070 !important;\" href=\"https:\/\/sacotin.com\/boutique\/patron-gratuit-etiquette-bagage-eticotin\"><img loading=\"lazy\" decoding=\"async\" class=\"alignleft wp-image-1276 size-full\" title=\"Lire en fran\u00e7ais\" src=\"https:\/\/sacotin.com\/wp-content\/uploads\/2013\/04\/France.png\" alt=\"Lire en fran\u00e7ais\" width=\"30\" height=\"30\" \/><\/a><\/b><a href=\"https:\/\/sacotin.com\/boutique\/patron-gratuit-etiquette-bagage-eticotin\">Obtenir ce patron en fran\u00e7ais<\/a>\u00a0<\/span><\/p>\n","protected":false},"featured_media":97478,"template":"","meta":[],"product_brand":[],"product_cat":[308,124,297,196,267,119],"product_tag":[80],"class_list":{"0":"post-97359","1":"product","2":"type-product","3":"status-publish","4":"has-post-thumbnail","6":"product_cat-for-vacation","7":"product_cat-patterns-bags","8":"product_cat-with-sewing-pattern-projector-file","9":"product_cat-luggage","10":"product_cat-wallet","11":"product_cat-freepatterns","12":"product_tag-beginner","14":"first","15":"instock","16":"product-type-external"},"yoast_head":"<!-- This site is optimized with the Yoast SEO plugin v27.0 - https:\/\/yoast.com\/product\/yoast-seo-wordpress\/ -->\n<title>Free luggage tag pattern - Etic\u00f4tin by Sac\u00f4tin<\/title>\n<meta name=\"description\" content=\"Etic\u00f4tin is a free luggage tag pattern with privacy flappattern published for Sac\u00f4tin 10th anniversary! Rock\u00f4tin is a feminine crossbody bag, matching the Rock weekender bag.\u00c9tic\u00f4tin is a luggage tag with privacy flap\" \/>\n<meta name=\"robots\" content=\"index, follow, max-snippet:-1, max-image-preview:large, max-video-preview:-1\" \/>\n<link rel=\"canonical\" href=\"https:\/\/sacotin.com\/en\/boutique\/free-luggage-tag-pattern\/\" \/>\n<meta property=\"og:locale\" content=\"en_US\" \/>\n<meta property=\"og:type\" content=\"article\" \/>\n<meta property=\"og:title\" content=\"Free luggage tag pattern - Etic\u00f4tin by Sac\u00f4tin\" \/>\n<meta property=\"og:description\" content=\"Etic\u00f4tin is a free luggage tag pattern with privacy flappattern published for Sac\u00f4tin 10th anniversary! Rock\u00f4tin is a feminine crossbody bag, matching the Rock weekender bag.\u00c9tic\u00f4tin is a luggage tag with privacy flap\" \/>\n<meta property=\"og:url\" content=\"https:\/\/sacotin.com\/en\/boutique\/free-luggage-tag-pattern\/\" \/>\n<meta property=\"og:site_name\" content=\"Sac\u00f4tin\" \/>\n<meta property=\"article:modified_time\" content=\"2025-04-13T05:57:57+00:00\" \/>\n<meta property=\"og:image\" content=\"https:\/\/sacotin.com\/wp-content\/uploads\/2024\/05\/Eticotinproduit.jpg\" \/>\n\t<meta property=\"og:image:width\" content=\"1500\" \/>\n\t<meta property=\"og:image:height\" content=\"1500\" \/>\n\t<meta property=\"og:image:type\" content=\"image\/jpeg\" \/>\n<script type=\"application\/ld+json\" class=\"yoast-schema-graph\">{\"@context\":\"https:\/\/schema.org\",\"@graph\":[{\"@type\":\"WebPage\",\"@id\":\"https:\/\/sacotin.com\/en\/boutique\/free-luggage-tag-pattern\/\",\"url\":\"https:\/\/sacotin.com\/en\/boutique\/free-luggage-tag-pattern\/\",\"name\":\"Free luggage tag pattern - Etic\u00f4tin by Sac\u00f4tin\",\"isPartOf\":{\"@id\":\"https:\/\/sacotin.com\/#website\"},\"primaryImageOfPage\":{\"@id\":\"https:\/\/sacotin.com\/en\/boutique\/free-luggage-tag-pattern\/#primaryimage\"},\"image\":{\"@id\":\"https:\/\/sacotin.com\/en\/boutique\/free-luggage-tag-pattern\/#primaryimage\"},\"thumbnailUrl\":\"https:\/\/sacotin.com\/wp-content\/uploads\/2024\/05\/Eticotinproduit.jpg\",\"datePublished\":\"2024-05-03T06:17:58+00:00\",\"dateModified\":\"2025-04-13T05:57:57+00:00\",\"description\":\"Etic\u00f4tin is a free luggage tag pattern with privacy flappattern published for Sac\u00f4tin 10th anniversary! Rock\u00f4tin is a feminine crossbody bag, matching the Rock weekender bag.\u00c9tic\u00f4tin is a luggage tag with privacy flap\",\"breadcrumb\":{\"@id\":\"https:\/\/sacotin.com\/en\/boutique\/free-luggage-tag-pattern\/#breadcrumb\"},\"inLanguage\":\"gb-GB\",\"potentialAction\":[{\"@type\":\"ReadAction\",\"target\":[\"https:\/\/sacotin.com\/en\/boutique\/free-luggage-tag-pattern\/\"]}]},{\"@type\":\"ImageObject\",\"inLanguage\":\"gb-GB\",\"@id\":\"https:\/\/sacotin.com\/en\/boutique\/free-luggage-tag-pattern\/#primaryimage\",\"url\":\"https:\/\/sacotin.com\/wp-content\/uploads\/2024\/05\/Eticotinproduit.jpg\",\"contentUrl\":\"https:\/\/sacotin.com\/wp-content\/uploads\/2024\/05\/Eticotinproduit.jpg\",\"width\":1500,\"height\":1500},{\"@type\":\"BreadcrumbList\",\"@id\":\"https:\/\/sacotin.com\/en\/boutique\/free-luggage-tag-pattern\/#breadcrumb\",\"itemListElement\":[{\"@type\":\"ListItem\",\"position\":1,\"name\":\"Accueil\",\"item\":\"https:\/\/sacotin.com\/en\/\"},{\"@type\":\"ListItem\",\"position\":2,\"name\":\"Shop\",\"item\":\"https:\/\/sacotin.com\/en\/shop\/\"},{\"@type\":\"ListItem\",\"position\":3,\"name\":\"Luggage Tag Etic\u00f4tin\"}]},{\"@type\":\"WebSite\",\"@id\":\"https:\/\/sacotin.com\/#website\",\"url\":\"https:\/\/sacotin.com\/\",\"name\":\"Sac\u00f4tin\",\"description\":\"Patrons de sacs\",\"publisher\":{\"@id\":\"https:\/\/sacotin.com\/#organization\"},\"potentialAction\":[{\"@type\":\"SearchAction\",\"target\":{\"@type\":\"EntryPoint\",\"urlTemplate\":\"https:\/\/sacotin.com\/?s={search_term_string}\"},\"query-input\":{\"@type\":\"PropertyValueSpecification\",\"valueRequired\":true,\"valueName\":\"search_term_string\"}}],\"inLanguage\":\"gb-GB\"},{\"@type\":\"Organization\",\"@id\":\"https:\/\/sacotin.com\/#organization\",\"name\":\"Sac\u00f4tin\",\"url\":\"https:\/\/sacotin.com\/\",\"logo\":{\"@type\":\"ImageObject\",\"inLanguage\":\"gb-GB\",\"@id\":\"https:\/\/sacotin.com\/#\/schema\/logo\/image\/\",\"url\":\"https:\/\/sacotin.com\/wp-content\/uploads\/2017\/11\/cropped-LogoSacotin-1.png\",\"contentUrl\":\"https:\/\/sacotin.com\/wp-content\/uploads\/2017\/11\/cropped-LogoSacotin-1.png\",\"width\":250,\"height\":230,\"caption\":\"Sac\u00f4tin\"},\"image\":{\"@id\":\"https:\/\/sacotin.com\/#\/schema\/logo\/image\/\"}}]}<\/script>\n<!-- \/ Yoast SEO plugin. -->","yoast_head_json":{"title":"Free luggage tag pattern - Etic\u00f4tin by Sac\u00f4tin","description":"Etic\u00f4tin is a free luggage tag pattern with privacy flappattern published for Sac\u00f4tin 10th anniversary! Rock\u00f4tin is a feminine crossbody bag, matching the Rock weekender bag.\u00c9tic\u00f4tin is a luggage tag with privacy flap","robots":{"index":"index","follow":"follow","max-snippet":"max-snippet:-1","max-image-preview":"max-image-preview:large","max-video-preview":"max-video-preview:-1"},"canonical":"https:\/\/sacotin.com\/en\/boutique\/free-luggage-tag-pattern\/","og_locale":"en_US","og_type":"article","og_title":"Free luggage tag pattern - Etic\u00f4tin by Sac\u00f4tin","og_description":"Etic\u00f4tin is a free luggage tag pattern with privacy flappattern published for Sac\u00f4tin 10th anniversary! Rock\u00f4tin is a feminine crossbody bag, matching the Rock weekender bag.\u00c9tic\u00f4tin is a luggage tag with privacy flap","og_url":"https:\/\/sacotin.com\/en\/boutique\/free-luggage-tag-pattern\/","og_site_name":"Sac\u00f4tin","article_modified_time":"2025-04-13T05:57:57+00:00","og_image":[{"width":1500,"height":1500,"url":"https:\/\/sacotin.com\/wp-content\/uploads\/2024\/05\/Eticotinproduit.jpg","type":"image\/jpeg"}],"schema":{"@context":"https:\/\/schema.org","@graph":[{"@type":"WebPage","@id":"https:\/\/sacotin.com\/en\/boutique\/free-luggage-tag-pattern\/","url":"https:\/\/sacotin.com\/en\/boutique\/free-luggage-tag-pattern\/","name":"Free luggage tag pattern - Etic\u00f4tin by Sac\u00f4tin","isPartOf":{"@id":"https:\/\/sacotin.com\/#website"},"primaryImageOfPage":{"@id":"https:\/\/sacotin.com\/en\/boutique\/free-luggage-tag-pattern\/#primaryimage"},"image":{"@id":"https:\/\/sacotin.com\/en\/boutique\/free-luggage-tag-pattern\/#primaryimage"},"thumbnailUrl":"https:\/\/sacotin.com\/wp-content\/uploads\/2024\/05\/Eticotinproduit.jpg","datePublished":"2024-05-03T06:17:58+00:00","dateModified":"2025-04-13T05:57:57+00:00","description":"Etic\u00f4tin is a free luggage tag pattern with privacy flappattern published for Sac\u00f4tin 10th anniversary! Rock\u00f4tin is a feminine crossbody bag, matching the Rock weekender bag.\u00c9tic\u00f4tin is a luggage tag with privacy flap","breadcrumb":{"@id":"https:\/\/sacotin.com\/en\/boutique\/free-luggage-tag-pattern\/#breadcrumb"},"inLanguage":"gb-GB","potentialAction":[{"@type":"ReadAction","target":["https:\/\/sacotin.com\/en\/boutique\/free-luggage-tag-pattern\/"]}]},{"@type":"ImageObject","inLanguage":"gb-GB","@id":"https:\/\/sacotin.com\/en\/boutique\/free-luggage-tag-pattern\/#primaryimage","url":"https:\/\/sacotin.com\/wp-content\/uploads\/2024\/05\/Eticotinproduit.jpg","contentUrl":"https:\/\/sacotin.com\/wp-content\/uploads\/2024\/05\/Eticotinproduit.jpg","width":1500,"height":1500},{"@type":"BreadcrumbList","@id":"https:\/\/sacotin.com\/en\/boutique\/free-luggage-tag-pattern\/#breadcrumb","itemListElement":[{"@type":"ListItem","position":1,"name":"Accueil","item":"https:\/\/sacotin.com\/en\/"},{"@type":"ListItem","position":2,"name":"Shop","item":"https:\/\/sacotin.com\/en\/shop\/"},{"@type":"ListItem","position":3,"name":"Luggage Tag Etic\u00f4tin"}]},{"@type":"WebSite","@id":"https:\/\/sacotin.com\/#website","url":"https:\/\/sacotin.com\/","name":"Sac\u00f4tin","description":"Patrons de sacs","publisher":{"@id":"https:\/\/sacotin.com\/#organization"},"potentialAction":[{"@type":"SearchAction","target":{"@type":"EntryPoint","urlTemplate":"https:\/\/sacotin.com\/?s={search_term_string}"},"query-input":{"@type":"PropertyValueSpecification","valueRequired":true,"valueName":"search_term_string"}}],"inLanguage":"gb-GB"},{"@type":"Organization","@id":"https:\/\/sacotin.com\/#organization","name":"Sac\u00f4tin","url":"https:\/\/sacotin.com\/","logo":{"@type":"ImageObject","inLanguage":"gb-GB","@id":"https:\/\/sacotin.com\/#\/schema\/logo\/image\/","url":"https:\/\/sacotin.com\/wp-content\/uploads\/2017\/11\/cropped-LogoSacotin-1.png","contentUrl":"https:\/\/sacotin.com\/wp-content\/uploads\/2017\/11\/cropped-LogoSacotin-1.png","width":250,"height":230,"caption":"Sac\u00f4tin"},"image":{"@id":"https:\/\/sacotin.com\/#\/schema\/logo\/image\/"}}]}},"_links":{"self":[{"href":"https:\/\/sacotin.com\/en\/wp-json\/wp\/v2\/product\/97359","targetHints":{"allow":["GET"]}}],"collection":[{"href":"https:\/\/sacotin.com\/en\/wp-json\/wp\/v2\/product"}],"about":[{"href":"https:\/\/sacotin.com\/en\/wp-json\/wp\/v2\/types\/product"}],"wp:featuredmedia":[{"embeddable":true,"href":"https:\/\/sacotin.com\/en\/wp-json\/wp\/v2\/media\/97478"}],"wp:attachment":[{"href":"https:\/\/sacotin.com\/en\/wp-json\/wp\/v2\/media?parent=97359"}],"wp:term":[{"taxonomy":"product_brand","embeddable":true,"href":"https:\/\/sacotin.com\/en\/wp-json\/wp\/v2\/product_brand?post=97359"},{"taxonomy":"product_cat","embeddable":true,"href":"https:\/\/sacotin.com\/en\/wp-json\/wp\/v2\/product_cat?post=97359"},{"taxonomy":"product_tag","embeddable":true,"href":"https:\/\/sacotin.com\/en\/wp-json\/wp\/v2\/product_tag?post=97359"}],"curies":[{"name":"wp","href":"https:\/\/api.w.org\/{rel}","templated":true}]}}